{"id":563,"date":"2025-04-08T10:58:30","date_gmt":"2025-04-08T10:58:30","guid":{"rendered":"https:\/\/sklep.selllift.com\/?post_type=product&#038;p=563"},"modified":"2025-05-15T10:37:52","modified_gmt":"2025-05-15T10:37:52","slug":"aparat-zaplonowy-hangcha-nissan-k21-k25-h20-ii-22100-50k15","status":"publish","type":"product","link":"https:\/\/sklep.selllift.com\/index.php\/product\/aparat-zaplonowy-hangcha-nissan-k21-k25-h20-ii-22100-50k15\/","title":{"rendered":"Aparat Zap\u0142onowy Hangcha, Nissan K21, K25, H20 II 22100-50K15"},"content":{"rendered":"<h3 class=\"\" data-start=\"437\" data-end=\"473\">Kluczowe informacje o produkcie:<\/h3>\n<ul data-start=\"474\" data-end=\"833\">\n<li class=\"\" data-start=\"474\" data-end=\"496\">\n<p class=\"\" data-start=\"476\" data-end=\"496\"><strong data-start=\"476\" data-end=\"486\">Marka:<\/strong> REFIXIT<\/p>\n<\/li>\n<li class=\"\" data-start=\"497\" data-end=\"581\">\n<p class=\"\" data-start=\"499\" data-end=\"581\"><strong data-start=\"499\" data-end=\"516\">Zastosowanie:<\/strong> Aparat zap\u0142onowy dedykowany do silnik\u00f3w NISSAN w\u00f3zk\u00f3w wid\u0142owych.<\/p>\n<\/li>\n<li class=\"\" data-start=\"582\" data-end=\"833\">\n<p class=\"\" data-start=\"584\" data-end=\"833\"><strong data-start=\"584\" data-end=\"596\">Funkcja:<\/strong> Odpowiada za generowanie iskry, kt\u00f3ra inicjuje zap\u0142on mieszanki paliwowo-powietrznej. Prawid\u0142owe dzia\u0142anie tego komponentu przek\u0142ada si\u0119 na szybkie uruchomienie silnika i jego stabiln\u0105 prac\u0119, co jest kluczowe dla ci\u0105g\u0142o\u015bci pracy maszyn.<\/p>\n<\/li>\n<\/ul>\n<h3 class=\"\" data-start=\"835\" data-end=\"863\">Specyfikacja techniczna:<\/h3>\n<ul data-start=\"864\" data-end=\"1312\">\n<li class=\"\" data-start=\"864\" data-end=\"889\">\n<p class=\"\" data-start=\"866\" data-end=\"889\"><strong data-start=\"866\" data-end=\"887\">Liczba cylindr\u00f3w:<\/strong> 4<\/p>\n<\/li>\n<li class=\"\" data-start=\"890\" data-end=\"924\">\n<p class=\"\" data-start=\"892\" data-end=\"924\"><strong data-start=\"892\" data-end=\"917\">D\u0142ugo\u015b\u0107 ca\u0142kowita L1:<\/strong> 272 mm<\/p>\n<\/li>\n<li class=\"\" data-start=\"925\" data-end=\"959\">\n<p class=\"\" data-start=\"927\" data-end=\"959\"><strong data-start=\"927\" data-end=\"953\">\u015arednica ko\u0142nierza D1:<\/strong> 30 mm<\/p>\n<\/li>\n<li class=\"\" data-start=\"960\" data-end=\"1000\">\n<p class=\"\" data-start=\"962\" data-end=\"1000\"><strong data-start=\"962\" data-end=\"992\">\u015arednica ko\u0142a z\u0119batego D2:<\/strong> 28,4 mm<\/p>\n<\/li>\n<li class=\"\" data-start=\"1001\" data-end=\"1022\">\n<p class=\"\" data-start=\"1003\" data-end=\"1022\"><strong data-start=\"1003\" data-end=\"1019\">Ilo\u015b\u0107 z\u0119b\u00f3w:<\/strong> 14<\/p>\n<\/li>\n<li class=\"\" data-start=\"1023\" data-end=\"1070\">\n<p class=\"\" data-start=\"1025\" data-end=\"1070\"><strong data-start=\"1025\" data-end=\"1063\">Szeroko\u015b\u0107 \u201ekraw\u0119dzi lub rowka\u201d W1:<\/strong> 4,5 mm<\/p>\n<\/li>\n<li class=\"\" data-start=\"1071\" data-end=\"1183\">\n<p class=\"\" data-start=\"1073\" data-end=\"1183\"><strong data-start=\"1073\" data-end=\"1092\">Vacuum advance:<\/strong> Tak \u2013 mechanizm, kt\u00f3ry wspiera optymalne dzia\u0142anie zap\u0142onu przy zmiennych warunkach pracy.<\/p>\n<\/li>\n<li class=\"\" data-start=\"1184\" data-end=\"1292\">\n<p class=\"\" data-start=\"1186\" data-end=\"1292\"><strong data-start=\"1186\" data-end=\"1200\">Condensor:<\/strong> Nie \u2013 urz\u0105dzenie zaprojektowano z my\u015bl\u0105 o uproszczeniu konstrukcji i zwi\u0119kszeniu trwa\u0142o\u015bci.<\/p>\n<\/li>\n<li class=\"\" data-start=\"1293\" data-end=\"1312\">\n<p class=\"\" data-start=\"1295\" data-end=\"1312\"><strong data-start=\"1295\" data-end=\"1304\">Masa:<\/strong> 1,81 kg<\/p>\n<\/li>\n<\/ul>\n<h3 class=\"\" data-start=\"1314\" data-end=\"1361\">Dlaczego warto wybra\u0107 ten aparat zap\u0142onowy?<\/h3>\n<ul data-start=\"1362\" data-end=\"2290\">\n<li class=\"\" data-start=\"1362\" data-end=\"1660\">\n<p class=\"\" data-start=\"1364\" data-end=\"1660\"><strong data-start=\"1364\" data-end=\"1392\">Niezawodno\u015b\u0107 i precyzja:<\/strong> Aparat zap\u0142onowy REFIXIT to element, kt\u00f3ry dzi\u0119ki swojej solidnej konstrukcji oraz precyzyjnie dobranym parametrom technicznym, gwarantuje szybkie uruchomienie silnika oraz jego p\u0142ynn\u0105 prac\u0119. W efekcie mo\u017cliwe jest zminimalizowanie przestoj\u00f3w w pracy w\u00f3zka wid\u0142owego.<\/p>\n<\/li>\n<li class=\"\" data-start=\"1661\" data-end=\"1858\">\n<p class=\"\" data-start=\"1663\" data-end=\"1858\"><strong data-start=\"1663\" data-end=\"1693\">Wieloletnie do\u015bwiadczenie:<\/strong> Produkt zosta\u0142 opracowany na bazie wieloletniego do\u015bwiadczenia w bran\u017cy sprzeda\u017cy cz\u0119\u015bci do w\u00f3zk\u00f3w wid\u0142owych, co przek\u0142ada si\u0119 na jego wysok\u0105 jako\u015b\u0107 i niezawodno\u015b\u0107.<\/p>\n<\/li>\n<li class=\"\" data-start=\"1859\" data-end=\"2079\">\n<p class=\"\" data-start=\"1861\" data-end=\"2079\"><strong data-start=\"1861\" data-end=\"1893\">Optymalizacja pracy silnika:<\/strong> Precyzyjne sterowanie iskr\u0105 oraz zastosowanie mechanizmu vacuum advance pozwalaj\u0105 na osi\u0105gni\u0119cie optymalnych parametr\u00f3w pracy silnika, wp\u0142ywaj\u0105c korzystnie na jego wydajno\u015b\u0107 i trwa\u0142o\u015b\u0107.<\/p>\n<\/li>\n<li class=\"\" data-start=\"2080\" data-end=\"2290\">\n<p class=\"\" data-start=\"2082\" data-end=\"2290\"><strong data-start=\"2082\" data-end=\"2121\">Prosta instalacja i kompatybilno\u015b\u0107:<\/strong> W\u0142a\u015bciwie dobrane wymiary i parametry techniczne gwarantuj\u0105 bezproblemow\u0105 wymian\u0119 i monta\u017c, co jest kluczowe dla szybkiej naprawy oraz utrzymania ci\u0105g\u0142o\u015bci operacyjnej.<\/p>\n<\/li>\n<\/ul>\n<h3 class=\"\" data-start=\"2292\" data-end=\"2309\">Podsumowanie:<\/h3>\n<p class=\"\" data-start=\"2310\" data-end=\"2909\">Aparat zap\u0142onowy do w\u00f3zk\u00f3w wid\u0142owych marki REFIXIT to produkt stworzony z my\u015bl\u0105 o profesjonalistach, kt\u00f3rzy wymagaj\u0105 niezawodno\u015bci oraz wysokiej jako\u015bci komponent\u00f3w. Zapewnia nie tylko precyzyjne dzia\u0142anie, ale r\u00f3wnie\u017c wp\u0142ywa na optymalizacj\u0119 ca\u0142ego systemu zap\u0142onowego silnika, przek\u0142adaj\u0105c si\u0119 bezpo\u015brednio na p\u0142ynno\u015b\u0107 i bezpiecze\u0144stwo eksploatacji w\u00f3zka wid\u0142owego. Dzi\u0119ki niemu mo\u017cliwe jest utrzymanie ci\u0105g\u0142o\u015bci pracy oraz minimalizacja ryzyka awarii, co jest szczeg\u00f3lnie istotne w wymagaj\u0105cych warunkach przemys\u0142owych. Zapraszamy do zakupu i do\u015bwiadczenia niezr\u00f3wnanej jako\u015bci produkt\u00f3w REFIXIT.<\/p>\n","protected":false},"excerpt":{"rendered":"<p>Prezentujemy Pa\u0144stwu <strong data-start=\"21\" data-end=\"80\">Aparat Zap\u0142onowy do w\u00f3zk\u00f3w wid\u0142owych z silnikiem NISSAN<\/strong> marki <strong data-start=\"87\" data-end=\"98\">REFIXIT<\/strong> \u2013 produkt, kt\u00f3ry powsta\u0142 z my\u015bl\u0105 o zapewnieniu maksymalnej efektywno\u015bci i niezawodno\u015bci pracy w\u00f3zk\u00f3w wid\u0142owych. Dzi\u0119ki wieloletniemu do\u015bwiadczeniu w sprzeda\u017cy cz\u0119\u015bci do w\u00f3zk\u00f3w wid\u0142owych, nasza firma oferuje rozwi\u0105zanie, kt\u00f3re jest niezb\u0119dnym elementem uk\u0142adu zap\u0142onowego, gwarantuj\u0105cym idealne uruchomienie i p\u0142ynno\u015b\u0107 dzia\u0142ania silnika.<\/p>\n","protected":false},"featured_media":564,"comment_status":"open","ping_status":"closed","template":"","meta":[],"product_brand":[],"product_cat":[78],"product_tag":[146,117],"class_list":{"0":"post-563","1":"product","2":"type-product","3":"status-publish","4":"has-post-thumbnail","6":"product_cat-silnik","7":"product_tag-aparat-zaplonowy","8":"product_tag-k21","10":"first","11":"outofstock","12":"taxable","13":"shipping-taxable","14":"purchasable","15":"product-type-simple"},"jetpack-related-posts":[],"jetpack_sharing_enabled":true,"_links":{"self":[{"href":"https:\/\/sklep.selllift.com\/index.php\/wp-json\/wp\/v2\/product\/563","targetHints":{"allow":["GET"]}}],"collection":[{"href":"https:\/\/sklep.selllift.com\/index.php\/wp-json\/wp\/v2\/product"}],"about":[{"href":"https:\/\/sklep.selllift.com\/index.php\/wp-json\/wp\/v2\/types\/product"}],"replies":[{"embeddable":true,"href":"https:\/\/sklep.selllift.com\/index.php\/wp-json\/wp\/v2\/comments?post=563"}],"wp:featuredmedia":[{"embeddable":true,"href":"https:\/\/sklep.selllift.com\/index.php\/wp-json\/wp\/v2\/media\/564"}],"wp:attachment":[{"href":"https:\/\/sklep.selllift.com\/index.php\/wp-json\/wp\/v2\/media?parent=563"}],"wp:term":[{"taxonomy":"product_brand","embeddable":true,"href":"https:\/\/sklep.selllift.com\/index.php\/wp-json\/wp\/v2\/product_brand?post=563"},{"taxonomy":"product_cat","embeddable":true,"href":"https:\/\/sklep.selllift.com\/index.php\/wp-json\/wp\/v2\/product_cat?post=563"},{"taxonomy":"product_tag","embeddable":true,"href":"https:\/\/sklep.selllift.com\/index.php\/wp-json\/wp\/v2\/product_tag?post=563"}],"curies":[{"name":"wp","href":"https:\/\/api.w.org\/{rel}","templated":true}]}}