{"id":495,"date":"2022-11-28T15:14:42","date_gmt":"2022-11-28T15:14:42","guid":{"rendered":"https:\/\/sklep.selllift.com\/?post_type=product&#038;p=495"},"modified":"2022-11-28T15:52:54","modified_gmt":"2022-11-28T15:52:54","slug":"smar-bialy-uniwersalny-z-ptfe-wg-260-spray","status":"publish","type":"product","link":"https:\/\/sklep.selllift.com\/index.php\/product\/smar-bialy-uniwersalny-z-ptfe-wg-260-spray\/","title":{"rendered":"SMAR BIA\u0141Y UNIWERSALNY Z PTFE WG 260 SPRAY"},"content":{"rendered":"<p>Wg 260 smar bia\u0142y p\u00f3\u0142sta\u0142y z dodatkiem uszlachetniacza teflonowego PTFE i inhibitor\u00f3w korozji, s\u0142u\u017c\u0105cy do d\u0142ugotrwa\u0142ej ochrony powierzchni pracuj\u0105cej w ekstremalnych obci\u0105\u017ceniach nara\u017conych na zu\u017cycie spowodowane tarciem. W przypadku przerwania warstwy smaru, smarowanie przejmuj\u0105 cz\u0105stki PTFE, co jest dodatkowym zabezpieczeniem w nag\u0142ych wypadkach. Preparat zapewnia d\u0142ugotrwa\u0142e smarowanie wszystkich element\u00f3w ruchomych. Redukuje tarcie i zu\u017cycie. Chroni przed korozj\u0105. Widoczna bia\u0142a warstwa wskazuje prawid\u0142owe pokrycie powierzchni smarem w trakcie remont\u00f3w i przegl\u0105d\u00f3w. Produkt mo\u017ce by\u0107 stosowany mi\u0119dzy innymi w przemy\u015ble hutniczym, stoczniowym, wydobywczym, poligraficznym, motoryzacyjnym, chemicznym, drzewnym i innych. Warstwa smaruj\u0105ca jest odporna na s\u0142on\u0105 wod\u0119, bryzgi wody, s\u0142abe roztwory kwas\u00f3w i zasad.<br \/>\nProdukt w puszce typu spray umo\u017cliwia wygodn\u0105 aplikacj\u0119.<br \/>\nSmar Wg 260 mo\u017cna stosowa\u0107 w du\u017cym zakresie temperatur od \u2013 15 \u00b0C do 180 \u00b0C (chwilowo do 260 \u00b0C).<\/p>\n","protected":false},"excerpt":{"rendered":"<p><img loading=\"lazy\" decoding=\"async\" class=\"alignnone size-full wp-image-465\" src=\"https:\/\/sklep.selllift.com\/wp-content\/uploads\/2022\/11\/zegarek.png\" alt=\"\" width=\"37\" height=\"35\" \/>Kup do godz.\u00a0<strong>14:00<\/strong>, a otrzymasz w kolejnym dniu roboczym.<\/p>\n<div class=\"product_info_grid\">\n<div><img loading=\"lazy\" decoding=\"async\" class=\"alignnone size-full wp-image-466\" src=\"https:\/\/sklep.selllift.com\/wp-content\/uploads\/2022\/11\/doradca.png\" alt=\"\" width=\"44\" height=\"44\" \/>Fachowe doradztwo w doborze produkt\u00f3w.<\/div>\n<\/div>\n","protected":false},"featured_media":496,"comment_status":"open","ping_status":"closed","template":"","meta":[],"product_brand":[],"product_cat":[109],"product_tag":[],"class_list":{"0":"post-495","1":"product","2":"type-product","3":"status-publish","4":"has-post-thumbnail","6":"product_cat-materialy-eksploatacyjne","8":"first","9":"instock","10":"taxable","11":"shipping-taxable","12":"purchasable","13":"product-type-simple"},"jetpack-related-posts":[],"jetpack_sharing_enabled":true,"_links":{"self":[{"href":"https:\/\/sklep.selllift.com\/index.php\/wp-json\/wp\/v2\/product\/495","targetHints":{"allow":["GET"]}}],"collection":[{"href":"https:\/\/sklep.selllift.com\/index.php\/wp-json\/wp\/v2\/product"}],"about":[{"href":"https:\/\/sklep.selllift.com\/index.php\/wp-json\/wp\/v2\/types\/product"}],"replies":[{"embeddable":true,"href":"https:\/\/sklep.selllift.com\/index.php\/wp-json\/wp\/v2\/comments?post=495"}],"wp:featuredmedia":[{"embeddable":true,"href":"https:\/\/sklep.selllift.com\/index.php\/wp-json\/wp\/v2\/media\/496"}],"wp:attachment":[{"href":"https:\/\/sklep.selllift.com\/index.php\/wp-json\/wp\/v2\/media?parent=495"}],"wp:term":[{"taxonomy":"product_brand","embeddable":true,"href":"https:\/\/sklep.selllift.com\/index.php\/wp-json\/wp\/v2\/product_brand?post=495"},{"taxonomy":"product_cat","embeddable":true,"href":"https:\/\/sklep.selllift.com\/index.php\/wp-json\/wp\/v2\/product_cat?post=495"},{"taxonomy":"product_tag","embeddable":true,"href":"https:\/\/sklep.selllift.com\/index.php\/wp-json\/wp\/v2\/product_tag?post=495"}],"curies":[{"name":"wp","href":"https:\/\/api.w.org\/{rel}","templated":true}]}}