{"id":493,"date":"2022-11-28T15:12:33","date_gmt":"2022-11-28T15:12:33","guid":{"rendered":"https:\/\/sklep.selllift.com\/?post_type=product&#038;p=493"},"modified":"2022-11-28T15:59:13","modified_gmt":"2022-11-28T15:59:13","slug":"smar-syntetyczny-penetrujacy-hpg-2000","status":"publish","type":"product","link":"https:\/\/sklep.selllift.com\/index.php\/product\/smar-syntetyczny-penetrujacy-hpg-2000\/","title":{"rendered":"SMAR SYNTETYCZNY PENETRUJ\u0104CY HPG 2000"},"content":{"rendered":"<p>HPG 2000 smar\u00a0<strong>penetruj\u0105cy<\/strong>\u00a0\u2013 tworzy film smaruj\u0105cy odporny na dzia\u0142anie wysokich nacisk\u00f3w, obrot\u00f3w, uderze\u0144. Zdecydowanie\u00a0<strong>zmniejsza tarcie<\/strong>\u00a0i zu\u017cywanie si\u0119 cz\u0119\u015bci maszyn i urz\u0105dze\u0144. Preparat posiada\u00a0<strong>w\u0142a\u015bciwo\u015bci smaruj\u0105ce<\/strong>\u00a0bez konieczno\u015bci demonta\u017cu element\u00f3w. Zapobiega powstawaniu zjawiska korozji. Silnie przywiera do element\u00f3w b\u0119d\u0105cych w ruchu. Znacz\u0105co wyd\u0142u\u017ca czas ochrony i efektywnego smarowania niezale\u017cnie od warunk\u00f3w pogodowych. Szybko\u00a0<strong>poprawia prac\u0119 mechanizm\u00f3w.<\/strong>\u00a0Likwiduje zaci\u0119cia i t\u0142umi drgania. Jest\u00a0<strong>kompatybilny<\/strong>\u00a0z o-ringami i innymi rodzajami uszczelek, neutralny w stosunku do powierzchni lakierowanych.<br \/>\nProdukt znajduje zastosowanie jako smar uniwersalny oraz smar przeznaczony\u00a0<strong>do wysokich nacisk\u00f3w<\/strong>\u00a0np. do d\u017awigni hamulcowych, sworzni, ci\u0119gien, dr\u0105\u017ck\u00f3w kierowniczych, przegub\u00f3w k\u0105towych i wide\u0142kowych, \u0142a\u0144cuch\u00f3w, ogniw lin stalowych, wa\u0142\u00f3w k\u00f3\u0142 z\u0119batych, gwint\u00f3w roboczych, powierzchni \u015blizgowych, sworzni i zawias\u00f3w drzwi, zamk\u00f3w kontener\u00f3w. Smar HPG 2000 mo\u017cna z powodzeniem stosowa\u0107 do wypychaczy w przetw\u00f3rstwie tworzyw sztucznych. Mo\u017ce by\u0107 stosowany mi\u0119dzy innymi w przemy\u015ble hutniczym, stoczniowym, wydobywczym, poligraficznym, motoryzacyjnym, chemicznym, drzewnym i innych.\u00a0<strong>Odporny<\/strong>\u00a0na s\u00f3l i sp\u0142ukiwanie wod\u0105 zimn\u0105 lub gor\u0105c\u0105. Nie zawiera silikon\u00f3w i kwas\u00f3w.<br \/>\nProdukt umo\u017cliwia smarowanie po\u0142\u0105cze\u0144 w zakresie temperatur od\u00a0<strong>-35\u00b0C do +180 \u00b0C<\/strong>, kr\u00f3tkotrwale do\u00a0<strong>+200 \u00b0C.<\/strong><\/p>\n","protected":false},"excerpt":{"rendered":"<p><img loading=\"lazy\" decoding=\"async\" class=\"alignnone size-full wp-image-465\" src=\"https:\/\/sklep.selllift.com\/wp-content\/uploads\/2022\/11\/zegarek.png\" alt=\"\" width=\"37\" height=\"35\" \/>Kup do godz.\u00a0<strong>14:00<\/strong>, a otrzymasz w kolejnym dniu roboczym.<\/p>\n<div class=\"product_info_grid\">\n<div><img loading=\"lazy\" decoding=\"async\" class=\"alignnone size-full wp-image-466\" src=\"https:\/\/sklep.selllift.com\/wp-content\/uploads\/2022\/11\/doradca.png\" alt=\"\" width=\"44\" height=\"44\" \/>Fachowe doradztwo w doborze produkt\u00f3w.<\/div>\n<\/div>\n","protected":false},"featured_media":494,"comment_status":"open","ping_status":"closed","template":"","meta":[],"product_brand":[],"product_cat":[109],"product_tag":[],"class_list":{"0":"post-493","1":"product","2":"type-product","3":"status-publish","4":"has-post-thumbnail","6":"product_cat-materialy-eksploatacyjne","8":"first","9":"instock","10":"taxable","11":"shipping-taxable","12":"purchasable","13":"product-type-simple"},"jetpack-related-posts":[],"jetpack_sharing_enabled":true,"_links":{"self":[{"href":"https:\/\/sklep.selllift.com\/index.php\/wp-json\/wp\/v2\/product\/493","targetHints":{"allow":["GET"]}}],"collection":[{"href":"https:\/\/sklep.selllift.com\/index.php\/wp-json\/wp\/v2\/product"}],"about":[{"href":"https:\/\/sklep.selllift.com\/index.php\/wp-json\/wp\/v2\/types\/product"}],"replies":[{"embeddable":true,"href":"https:\/\/sklep.selllift.com\/index.php\/wp-json\/wp\/v2\/comments?post=493"}],"wp:featuredmedia":[{"embeddable":true,"href":"https:\/\/sklep.selllift.com\/index.php\/wp-json\/wp\/v2\/media\/494"}],"wp:attachment":[{"href":"https:\/\/sklep.selllift.com\/index.php\/wp-json\/wp\/v2\/media?parent=493"}],"wp:term":[{"taxonomy":"product_brand","embeddable":true,"href":"https:\/\/sklep.selllift.com\/index.php\/wp-json\/wp\/v2\/product_brand?post=493"},{"taxonomy":"product_cat","embeddable":true,"href":"https:\/\/sklep.selllift.com\/index.php\/wp-json\/wp\/v2\/product_cat?post=493"},{"taxonomy":"product_tag","embeddable":true,"href":"https:\/\/sklep.selllift.com\/index.php\/wp-json\/wp\/v2\/product_tag?post=493"}],"curies":[{"name":"wp","href":"https:\/\/api.w.org\/{rel}","templated":true}]}}