{"id":491,"date":"2022-11-28T15:10:35","date_gmt":"2022-11-28T15:10:35","guid":{"rendered":"https:\/\/sklep.selllift.com\/?post_type=product&#038;p=491"},"modified":"2022-11-28T15:59:59","modified_gmt":"2022-11-28T15:59:59","slug":"smar-na-extremalne-obciazenia-hfl-2000","status":"publish","type":"product","link":"https:\/\/sklep.selllift.com\/index.php\/product\/smar-na-extremalne-obciazenia-hfl-2000\/","title":{"rendered":"SMAR NA EXTREMALNE OBCI\u0104\u017bENIA HFL 2000"},"content":{"rendered":"<p>HFL 2000 LUBE to<strong>\u00a0smar<\/strong>\u00a0<strong>syntetyczny<\/strong>\u00a0o bardzo\u00a0<strong>wysokiej lepko\u015bci<\/strong>\u00a0przeznaczony do ekstremalnych obci\u0105\u017ce\u0144. W produkcie zosta\u0142y zastosowane uszlachetniacze zabezpieczaj\u0105ce przed korozj\u0105. Preparat\u00a0<strong>nie sp\u0142ywa<\/strong>\u00a0z pionowych powierzchni. Doskonale sprawdza si\u0119 przy smarowaniu k\u00f3\u0142 z\u0119batych, lin stalowych, \u0142a\u0144cuch\u00f3w, spr\u0119\u017cyn, \u0142o\u017cysk \u015blizgowych, nawet w najtrudniejszych warunkach atmosferycznych.<br \/>\nZakres temperatury od\u00a0<strong>-30\u2070<\/strong><strong>C do 200\u2070<\/strong><strong>C.<\/strong><\/p>\n","protected":false},"excerpt":{"rendered":"<p><img loading=\"lazy\" decoding=\"async\" class=\"alignnone size-full wp-image-465\" src=\"https:\/\/sklep.selllift.com\/wp-content\/uploads\/2022\/11\/zegarek.png\" alt=\"\" width=\"37\" height=\"35\" \/>Kup do godz.\u00a0<strong>14:00<\/strong>, a otrzymasz w kolejnym dniu roboczym.<\/p>\n<div class=\"product_info_grid\">\n<div><img loading=\"lazy\" decoding=\"async\" class=\"alignnone size-full wp-image-466\" src=\"https:\/\/sklep.selllift.com\/wp-content\/uploads\/2022\/11\/doradca.png\" alt=\"\" width=\"44\" height=\"44\" \/>Fachowe doradztwo w doborze produkt\u00f3w.<\/div>\n<\/div>\n","protected":false},"featured_media":492,"comment_status":"open","ping_status":"closed","template":"","meta":[],"product_brand":[],"product_cat":[109],"product_tag":[],"class_list":{"0":"post-491","1":"product","2":"type-product","3":"status-publish","4":"has-post-thumbnail","6":"product_cat-materialy-eksploatacyjne","8":"first","9":"instock","10":"taxable","11":"shipping-taxable","12":"purchasable","13":"product-type-simple"},"jetpack-related-posts":[],"jetpack_sharing_enabled":true,"_links":{"self":[{"href":"https:\/\/sklep.selllift.com\/index.php\/wp-json\/wp\/v2\/product\/491","targetHints":{"allow":["GET"]}}],"collection":[{"href":"https:\/\/sklep.selllift.com\/index.php\/wp-json\/wp\/v2\/product"}],"about":[{"href":"https:\/\/sklep.selllift.com\/index.php\/wp-json\/wp\/v2\/types\/product"}],"replies":[{"embeddable":true,"href":"https:\/\/sklep.selllift.com\/index.php\/wp-json\/wp\/v2\/comments?post=491"}],"wp:featuredmedia":[{"embeddable":true,"href":"https:\/\/sklep.selllift.com\/index.php\/wp-json\/wp\/v2\/media\/492"}],"wp:attachment":[{"href":"https:\/\/sklep.selllift.com\/index.php\/wp-json\/wp\/v2\/media?parent=491"}],"wp:term":[{"taxonomy":"product_brand","embeddable":true,"href":"https:\/\/sklep.selllift.com\/index.php\/wp-json\/wp\/v2\/product_brand?post=491"},{"taxonomy":"product_cat","embeddable":true,"href":"https:\/\/sklep.selllift.com\/index.php\/wp-json\/wp\/v2\/product_cat?post=491"},{"taxonomy":"product_tag","embeddable":true,"href":"https:\/\/sklep.selllift.com\/index.php\/wp-json\/wp\/v2\/product_tag?post=491"}],"curies":[{"name":"wp","href":"https:\/\/api.w.org\/{rel}","templated":true}]}}