{"id":487,"date":"2022-11-28T15:07:37","date_gmt":"2022-11-28T15:07:37","guid":{"rendered":"https:\/\/sklep.selllift.com\/?post_type=product&#038;p=487"},"modified":"2022-11-28T16:01:56","modified_gmt":"2022-11-28T16:01:56","slug":"preparat-do-czyszczenia-przepustnic-egr-plus","status":"publish","type":"product","link":"https:\/\/sklep.selllift.com\/index.php\/product\/preparat-do-czyszczenia-przepustnic-egr-plus\/","title":{"rendered":"PREPARAT DO CZYSZCZENIA PRZEPUSTNIC EGR PLUS"},"content":{"rendered":"<p>EGR Plus to wysokiej jako\u015bci preparat do\u00a0<strong>czyszczenia przepustnic, ga\u017anik\u00f3w oraz zawor\u00f3w EGR.<\/strong>\u00a0S\u0142u\u017cy do usuwania osad\u00f3w w\u0119glowych oraz innych zabrudze\u0144. Preparat posiada w\u0142a\u015bciwo\u015bci penetruj\u0105ce i<strong>\u00a0rozpuszczaj\u0105ce zanieczyszczenia.<\/strong>\u00a0Produkt jest mieszank\u0105 specjalnie dobranych rozpuszczalnik\u00f3w, kt\u00f3re z \u0142atwo\u015bci\u0105 przenikaj\u0105 nawet zapieczone przypalenia gumy, oleju i t\u0142uszczu. Dzi\u0119ki EGR+ czyszczenie uk\u0142adu dolotowego oraz wielu innych cz\u0119\u015bci metalowych z osad\u00f3w jest szybkie i bezproblemowe.<\/p>\n","protected":false},"excerpt":{"rendered":"<p><img loading=\"lazy\" decoding=\"async\" class=\"alignnone size-full wp-image-465\" src=\"https:\/\/sklep.selllift.com\/wp-content\/uploads\/2022\/11\/zegarek.png\" alt=\"\" width=\"37\" height=\"35\" \/>Kup do godz.\u00a0<strong>14:00<\/strong>, a otrzymasz w kolejnym dniu roboczym.<\/p>\n<div class=\"product_info_grid\">\n<div><img loading=\"lazy\" decoding=\"async\" class=\"alignnone size-full wp-image-466\" src=\"https:\/\/sklep.selllift.com\/wp-content\/uploads\/2022\/11\/doradca.png\" alt=\"\" width=\"44\" height=\"44\" \/>Fachowe doradztwo w doborze produkt\u00f3w.<\/div>\n<\/div>\n","protected":false},"featured_media":488,"comment_status":"open","ping_status":"closed","template":"","meta":[],"product_brand":[],"product_cat":[109],"product_tag":[],"class_list":{"0":"post-487","1":"product","2":"type-product","3":"status-publish","4":"has-post-thumbnail","6":"product_cat-materialy-eksploatacyjne","8":"first","9":"instock","10":"taxable","11":"shipping-taxable","12":"purchasable","13":"product-type-simple"},"jetpack-related-posts":[],"jetpack_sharing_enabled":true,"_links":{"self":[{"href":"https:\/\/sklep.selllift.com\/index.php\/wp-json\/wp\/v2\/product\/487","targetHints":{"allow":["GET"]}}],"collection":[{"href":"https:\/\/sklep.selllift.com\/index.php\/wp-json\/wp\/v2\/product"}],"about":[{"href":"https:\/\/sklep.selllift.com\/index.php\/wp-json\/wp\/v2\/types\/product"}],"replies":[{"embeddable":true,"href":"https:\/\/sklep.selllift.com\/index.php\/wp-json\/wp\/v2\/comments?post=487"}],"wp:featuredmedia":[{"embeddable":true,"href":"https:\/\/sklep.selllift.com\/index.php\/wp-json\/wp\/v2\/media\/488"}],"wp:attachment":[{"href":"https:\/\/sklep.selllift.com\/index.php\/wp-json\/wp\/v2\/media?parent=487"}],"wp:term":[{"taxonomy":"product_brand","embeddable":true,"href":"https:\/\/sklep.selllift.com\/index.php\/wp-json\/wp\/v2\/product_brand?post=487"},{"taxonomy":"product_cat","embeddable":true,"href":"https:\/\/sklep.selllift.com\/index.php\/wp-json\/wp\/v2\/product_cat?post=487"},{"taxonomy":"product_tag","embeddable":true,"href":"https:\/\/sklep.selllift.com\/index.php\/wp-json\/wp\/v2\/product_tag?post=487"}],"curies":[{"name":"wp","href":"https:\/\/api.w.org\/{rel}","templated":true}]}}