{"id":483,"date":"2022-11-28T14:52:50","date_gmt":"2022-11-28T14:52:50","guid":{"rendered":"https:\/\/sklep.selllift.com\/?post_type=product&#038;p=483"},"modified":"2022-11-28T15:46:45","modified_gmt":"2022-11-28T15:46:45","slug":"odrdzewiacz-z-dwusiarczkiem-molibdenu-mos2-strong","status":"publish","type":"product","link":"https:\/\/sklep.selllift.com\/index.php\/product\/odrdzewiacz-z-dwusiarczkiem-molibdenu-mos2-strong\/","title":{"rendered":"ODRDZEWIACZ Z DWUSIARCZKIEM MOLIBDENU MOS2 STRONG"},"content":{"rendered":"<p>Mos2 Strong to odrdzewiacz przemys\u0142owy z\u00a0<strong>dwusiarczkiem molibdenu<\/strong>\u00a0opracowany z my\u015bl\u0105 o \u0142atwym i skutecznym uwalnianiu\u00a0<strong>zapieczonych<\/strong>\u00a0i\u00a0<strong>skorodowanych<\/strong>\u00a0po\u0142\u0105cze\u0144 \u015brubowych. Dzi\u0119ki w\u0142a\u015bciwo\u015bci\u0105\u00a0<strong>penetruj\u0105cym<\/strong>, \u015brodek luzuje i roz\u0142\u0105cza nawet najbardziej zapieczone \u015bruby, zawiasy, sworznie,\u00a0<strong>chroni\u0105c<\/strong>\u00a0przy tym przed korozj\u0105.<br \/>\nDzi\u0119ki zawarto\u015bci dwusiarczku molibdenu preparat tworzy warstw\u0119 smaruj\u0105c\u0105, kt\u00f3ra\u00a0<strong>zapobiega<\/strong>\u00a0powstawaniu pisk\u00f3w.<\/p>\n<p>Dzi\u0119ki zawarto\u015bci\u00a0<strong>dwusiarczku molibdenu<\/strong>\u00a0preparat tworzy warstw\u0119\u00a0<strong>smaruj\u0105c\u0105<\/strong>, kt\u00f3ra zapobiega powstawaniu pisk\u00f3w.<br \/>\nPrzyjemny zapach produktu znacz\u0105co wp\u0142ywa na komfort pracy.<\/p>\n","protected":false},"excerpt":{"rendered":"<p><img loading=\"lazy\" decoding=\"async\" class=\"alignnone size-full wp-image-465\" src=\"https:\/\/sklep.selllift.com\/wp-content\/uploads\/2022\/11\/zegarek.png\" alt=\"\" width=\"37\" height=\"35\" \/>Kup do godz.\u00a0<strong>14:00<\/strong>, a otrzymasz w kolejnym dniu roboczym.<\/p>\n<div class=\"product_info_grid\">\n<div><img loading=\"lazy\" decoding=\"async\" class=\"alignnone size-full wp-image-466\" src=\"https:\/\/sklep.selllift.com\/wp-content\/uploads\/2022\/11\/doradca.png\" alt=\"\" width=\"44\" height=\"44\" \/>Fachowe doradztwo w doborze produkt\u00f3w.<\/div>\n<\/div>\n","protected":false},"featured_media":484,"comment_status":"open","ping_status":"closed","template":"","meta":[],"product_brand":[],"product_cat":[109],"product_tag":[],"class_list":{"0":"post-483","1":"product","2":"type-product","3":"status-publish","4":"has-post-thumbnail","6":"product_cat-materialy-eksploatacyjne","8":"first","9":"instock","10":"taxable","11":"shipping-taxable","12":"purchasable","13":"product-type-simple"},"jetpack-related-posts":[],"jetpack_sharing_enabled":true,"_links":{"self":[{"href":"https:\/\/sklep.selllift.com\/index.php\/wp-json\/wp\/v2\/product\/483","targetHints":{"allow":["GET"]}}],"collection":[{"href":"https:\/\/sklep.selllift.com\/index.php\/wp-json\/wp\/v2\/product"}],"about":[{"href":"https:\/\/sklep.selllift.com\/index.php\/wp-json\/wp\/v2\/types\/product"}],"replies":[{"embeddable":true,"href":"https:\/\/sklep.selllift.com\/index.php\/wp-json\/wp\/v2\/comments?post=483"}],"wp:featuredmedia":[{"embeddable":true,"href":"https:\/\/sklep.selllift.com\/index.php\/wp-json\/wp\/v2\/media\/484"}],"wp:attachment":[{"href":"https:\/\/sklep.selllift.com\/index.php\/wp-json\/wp\/v2\/media?parent=483"}],"wp:term":[{"taxonomy":"product_brand","embeddable":true,"href":"https:\/\/sklep.selllift.com\/index.php\/wp-json\/wp\/v2\/product_brand?post=483"},{"taxonomy":"product_cat","embeddable":true,"href":"https:\/\/sklep.selllift.com\/index.php\/wp-json\/wp\/v2\/product_cat?post=483"},{"taxonomy":"product_tag","embeddable":true,"href":"https:\/\/sklep.selllift.com\/index.php\/wp-json\/wp\/v2\/product_tag?post=483"}],"curies":[{"name":"wp","href":"https:\/\/api.w.org\/{rel}","templated":true}]}}