{"id":481,"date":"2022-11-28T14:50:52","date_gmt":"2022-11-28T14:50:52","guid":{"rendered":"https:\/\/sklep.selllift.com\/?post_type=product&#038;p=481"},"modified":"2022-11-28T15:47:24","modified_gmt":"2022-11-28T15:47:24","slug":"zmywacz-hamulcowy-do-tarcz-br-200","status":"publish","type":"product","link":"https:\/\/sklep.selllift.com\/index.php\/product\/zmywacz-hamulcowy-do-tarcz-br-200\/","title":{"rendered":"ZMYWACZ HAMULCOWY DO TARCZ BR 200"},"content":{"rendered":"<p>BR 200 to skuteczny\u00a0<strong>zmywacz hamulcowy<\/strong>\u00a0bez acetonu i nie pozostawiaj\u0105cy osadu. Szybko usuwa \u015blady oleju, pozosta\u0142o\u015bci p\u0142ynu hamulcowego oraz zanieczyszczenia smarne, \u017cywice, woski, py\u0142 oraz kurz. Jego zastosowanie przek\u0142ada si\u0119 na zwi\u0119kszenie \u017cywotno\u015bci\u00a0<strong>uk\u0142adu hamulcowego<\/strong>, a tak\u017ce na zabezpieczenie jego prawid\u0142owej pracy. Zastosowanie oczyszczacza do tarcz odczuwalnie wycisza prac\u0119 uk\u0142adu hamulcowego, zapobiega piszczeniu w trakcie ich pracy. Zmywacz hamulcowy BR 200 to preparat\u00a0<strong>bezacetonowy i\u00a0<\/strong><b>bez zasadowy<\/b>, dzi\u0119ki czemu jest bezpieczny dla element\u00f3w gumowych (jak np. uszczelki), z tworzyw sztucznych oraz lakierowanych.<br \/>\nSilny strumie\u0144 skutecznie wyp\u0142ukuje zanieczyszczenia, a \u0142agodny zapach nie utrudnia pracy.<br \/>\nCzy\u015bci mi\u0119dzy innymi: tarcze, b\u0119bny, cylinderki, zaciski, spr\u0119\u017cyny i ok\u0142adziny, tarcze sprz\u0119g\u0142owe, \u0142o\u017cyska wyciskowe i pozosta\u0142e elementy sprz\u0119g\u0142a.<br \/>\nProdukt w wygodnej puszce z aerozolem, kt\u00f3ra umo\u017cliwia precyzyjn\u0105 aplikacj\u0119.<\/p>\n","protected":false},"excerpt":{"rendered":"<p><img loading=\"lazy\" decoding=\"async\" class=\"alignnone size-full wp-image-465\" src=\"https:\/\/sklep.selllift.com\/wp-content\/uploads\/2022\/11\/zegarek.png\" alt=\"\" width=\"37\" height=\"35\" \/>Kup do godz.\u00a0<strong>14:00<\/strong>, a otrzymasz w kolejnym dniu roboczym.<\/p>\n<div class=\"product_info_grid\">\n<div><img loading=\"lazy\" decoding=\"async\" class=\"alignnone size-full wp-image-466\" src=\"https:\/\/sklep.selllift.com\/wp-content\/uploads\/2022\/11\/doradca.png\" alt=\"\" width=\"44\" height=\"44\" \/>Fachowe doradztwo w doborze produkt\u00f3w.<\/div>\n<\/div>\n","protected":false},"featured_media":482,"comment_status":"open","ping_status":"closed","template":"","meta":[],"product_brand":[],"product_cat":[109],"product_tag":[],"class_list":{"0":"post-481","1":"product","2":"type-product","3":"status-publish","4":"has-post-thumbnail","6":"product_cat-materialy-eksploatacyjne","8":"first","9":"instock","10":"taxable","11":"shipping-taxable","12":"purchasable","13":"product-type-simple"},"jetpack-related-posts":[],"jetpack_sharing_enabled":true,"_links":{"self":[{"href":"https:\/\/sklep.selllift.com\/index.php\/wp-json\/wp\/v2\/product\/481","targetHints":{"allow":["GET"]}}],"collection":[{"href":"https:\/\/sklep.selllift.com\/index.php\/wp-json\/wp\/v2\/product"}],"about":[{"href":"https:\/\/sklep.selllift.com\/index.php\/wp-json\/wp\/v2\/types\/product"}],"replies":[{"embeddable":true,"href":"https:\/\/sklep.selllift.com\/index.php\/wp-json\/wp\/v2\/comments?post=481"}],"wp:featuredmedia":[{"embeddable":true,"href":"https:\/\/sklep.selllift.com\/index.php\/wp-json\/wp\/v2\/media\/482"}],"wp:attachment":[{"href":"https:\/\/sklep.selllift.com\/index.php\/wp-json\/wp\/v2\/media?parent=481"}],"wp:term":[{"taxonomy":"product_brand","embeddable":true,"href":"https:\/\/sklep.selllift.com\/index.php\/wp-json\/wp\/v2\/product_brand?post=481"},{"taxonomy":"product_cat","embeddable":true,"href":"https:\/\/sklep.selllift.com\/index.php\/wp-json\/wp\/v2\/product_cat?post=481"},{"taxonomy":"product_tag","embeddable":true,"href":"https:\/\/sklep.selllift.com\/index.php\/wp-json\/wp\/v2\/product_tag?post=481"}],"curies":[{"name":"wp","href":"https:\/\/api.w.org\/{rel}","templated":true}]}}