{"id":479,"date":"2022-11-28T14:48:52","date_gmt":"2022-11-28T14:48:52","guid":{"rendered":"https:\/\/sklep.selllift.com\/?post_type=product&#038;p=479"},"modified":"2022-11-28T14:48:52","modified_gmt":"2022-11-28T14:48:52","slug":"zmywacz-przemyslowy-z-acetonem-br-600","status":"publish","type":"product","link":"https:\/\/sklep.selllift.com\/index.php\/product\/zmywacz-przemyslowy-z-acetonem-br-600\/","title":{"rendered":"ZMYWACZ PRZEMYS\u0141OWY Z ACETONEM BR 600"},"content":{"rendered":"<p>BR 600 to zmywacz acetonowy, kt\u00f3ry efektywnie\u00a0<strong>czy\u015bci<\/strong>\u00a0i\u00a0<strong>odt\u0142uszcza<\/strong>\u00a0elementy z wszelkich t\u0142ustych zabrudze\u0144. Dzi\u0119ki zastosowaniu nowoczesnej formu\u0142y \u0142\u0105cz\u0105cej najsilniejsze substancje aktywne, preparat skutecznie\u00a0<strong>usuwa<\/strong>\u00a0woski, oleje, smary, \u015brodki ochrony czasowej, pozosta\u0142o\u015bci po klejach, b\u0142yskawicznie przy tym\u00a0<strong>odparowuj\u0105c<\/strong>. Preparat \u015bwietnie nadaje si\u0119 do czyszczenia powierzchni przed klejeniem i malowaniem.<br \/>\nSkutecznie czy\u015bci elementy uk\u0142ad\u00f3w hamulcowych i sprz\u0119gie\u0142, usuwa pow\u0142oki ochronne z tarcz hamulcowych, pow\u0142oki antykorozyjne z form wtryskowych, usuwa sadz\u0119 oraz uporczywe zabrudzenia. Silny strumie\u0144 skutecznie\u00a0<strong>wyp\u0142ukuje zanieczyszczenia<\/strong>, a \u0142agodny zapach nie utrudnia pracy. Zmywacz znajduje zastosowanie mi\u0119dzy innymi w przemy\u015ble hutniczym, stoczniowym, wydobywczym, poligraficznym, motoryzacyjnym, chemicznym oraz drzewnym.<\/p>\n","protected":false},"excerpt":{"rendered":"<p><img loading=\"lazy\" decoding=\"async\" class=\"alignnone size-full wp-image-465\" src=\"https:\/\/sklep.selllift.com\/wp-content\/uploads\/2022\/11\/zegarek.png\" alt=\"\" width=\"37\" height=\"35\" \/>Kup do godz.\u00a0<strong>14:00<\/strong>, a otrzymasz w kolejnym dniu roboczym.<\/p>\n<div class=\"product_info_grid\">\n<div><img loading=\"lazy\" decoding=\"async\" class=\"alignnone size-full wp-image-466\" src=\"https:\/\/sklep.selllift.com\/wp-content\/uploads\/2022\/11\/doradca.png\" alt=\"\" width=\"44\" height=\"44\" \/>Fachowe doradztwo w doborze produkt\u00f3w.<\/div>\n<\/div>\n","protected":false},"featured_media":480,"comment_status":"open","ping_status":"closed","template":"","meta":[],"product_brand":[],"product_cat":[109],"product_tag":[],"class_list":{"0":"post-479","1":"product","2":"type-product","3":"status-publish","4":"has-post-thumbnail","6":"product_cat-materialy-eksploatacyjne","8":"first","9":"instock","10":"taxable","11":"shipping-taxable","12":"purchasable","13":"product-type-simple"},"jetpack-related-posts":[],"jetpack_sharing_enabled":true,"_links":{"self":[{"href":"https:\/\/sklep.selllift.com\/index.php\/wp-json\/wp\/v2\/product\/479","targetHints":{"allow":["GET"]}}],"collection":[{"href":"https:\/\/sklep.selllift.com\/index.php\/wp-json\/wp\/v2\/product"}],"about":[{"href":"https:\/\/sklep.selllift.com\/index.php\/wp-json\/wp\/v2\/types\/product"}],"replies":[{"embeddable":true,"href":"https:\/\/sklep.selllift.com\/index.php\/wp-json\/wp\/v2\/comments?post=479"}],"wp:featuredmedia":[{"embeddable":true,"href":"https:\/\/sklep.selllift.com\/index.php\/wp-json\/wp\/v2\/media\/480"}],"wp:attachment":[{"href":"https:\/\/sklep.selllift.com\/index.php\/wp-json\/wp\/v2\/media?parent=479"}],"wp:term":[{"taxonomy":"product_brand","embeddable":true,"href":"https:\/\/sklep.selllift.com\/index.php\/wp-json\/wp\/v2\/product_brand?post=479"},{"taxonomy":"product_cat","embeddable":true,"href":"https:\/\/sklep.selllift.com\/index.php\/wp-json\/wp\/v2\/product_cat?post=479"},{"taxonomy":"product_tag","embeddable":true,"href":"https:\/\/sklep.selllift.com\/index.php\/wp-json\/wp\/v2\/product_tag?post=479"}],"curies":[{"name":"wp","href":"https:\/\/api.w.org\/{rel}","templated":true}]}}