{"id":475,"date":"2022-11-28T14:44:46","date_gmt":"2022-11-28T14:44:46","guid":{"rendered":"https:\/\/sklep.selllift.com\/?post_type=product&#038;p=475"},"modified":"2022-11-28T14:44:47","modified_gmt":"2022-11-28T14:44:47","slug":"preparat-do-konserwacji-klem-akumulatora-ap-100","status":"publish","type":"product","link":"https:\/\/sklep.selllift.com\/index.php\/product\/preparat-do-konserwacji-klem-akumulatora-ap-100\/","title":{"rendered":"PREPARAT DO KONSERWACJI KLEM AKUMULATORA AP 100"},"content":{"rendered":"<p>AP 100 jest to\u00a0<strong>\u015brodek ochronny do zabezpieczania klem akumulatora<\/strong>\u00a0przed powstawaniem \u015bniedzi w trakcie eksploatacji i przechowywania. Specjalna formu\u0142a dzi\u0119ki swej postaci doskonale wp\u0142ywa we wszystkie szczeliny, a nast\u0119pnie zastyga w postaci filmu zapewniaj\u0105c maksymaln\u0105 ochron\u0119. Wyd\u0142u\u017ca \u017cywotno\u015b\u0107 ka\u017cdego akumulatora oraz polepsza przep\u0142yw pr\u0105du.<\/p>\n","protected":false},"excerpt":{"rendered":"<p><img loading=\"lazy\" decoding=\"async\" class=\"alignnone size-full wp-image-465\" src=\"https:\/\/sklep.selllift.com\/wp-content\/uploads\/2022\/11\/zegarek.png\" alt=\"\" width=\"37\" height=\"35\" \/>Kup do godz.\u00a0<strong>14:00<\/strong>, a otrzymasz w kolejnym dniu roboczym.<\/p>\n<div class=\"product_info_grid\">\n<div><img loading=\"lazy\" decoding=\"async\" class=\"alignnone size-full wp-image-466\" src=\"https:\/\/sklep.selllift.com\/wp-content\/uploads\/2022\/11\/doradca.png\" alt=\"\" width=\"44\" height=\"44\" \/>Fachowe doradztwo w doborze produkt\u00f3w.<\/div>\n<\/div>\n","protected":false},"featured_media":476,"comment_status":"open","ping_status":"closed","template":"","meta":[],"product_brand":[],"product_cat":[109],"product_tag":[],"class_list":{"0":"post-475","1":"product","2":"type-product","3":"status-publish","4":"has-post-thumbnail","6":"product_cat-materialy-eksploatacyjne","8":"first","9":"instock","10":"taxable","11":"shipping-taxable","12":"purchasable","13":"product-type-simple"},"jetpack-related-posts":[],"jetpack_sharing_enabled":true,"_links":{"self":[{"href":"https:\/\/sklep.selllift.com\/index.php\/wp-json\/wp\/v2\/product\/475","targetHints":{"allow":["GET"]}}],"collection":[{"href":"https:\/\/sklep.selllift.com\/index.php\/wp-json\/wp\/v2\/product"}],"about":[{"href":"https:\/\/sklep.selllift.com\/index.php\/wp-json\/wp\/v2\/types\/product"}],"replies":[{"embeddable":true,"href":"https:\/\/sklep.selllift.com\/index.php\/wp-json\/wp\/v2\/comments?post=475"}],"wp:featuredmedia":[{"embeddable":true,"href":"https:\/\/sklep.selllift.com\/index.php\/wp-json\/wp\/v2\/media\/476"}],"wp:attachment":[{"href":"https:\/\/sklep.selllift.com\/index.php\/wp-json\/wp\/v2\/media?parent=475"}],"wp:term":[{"taxonomy":"product_brand","embeddable":true,"href":"https:\/\/sklep.selllift.com\/index.php\/wp-json\/wp\/v2\/product_brand?post=475"},{"taxonomy":"product_cat","embeddable":true,"href":"https:\/\/sklep.selllift.com\/index.php\/wp-json\/wp\/v2\/product_cat?post=475"},{"taxonomy":"product_tag","embeddable":true,"href":"https:\/\/sklep.selllift.com\/index.php\/wp-json\/wp\/v2\/product_tag?post=475"}],"curies":[{"name":"wp","href":"https:\/\/api.w.org\/{rel}","templated":true}]}}