{"id":468,"date":"2022-11-28T14:37:45","date_gmt":"2022-11-28T14:37:45","guid":{"rendered":"https:\/\/sklep.selllift.com\/?post_type=product&#038;p=468"},"modified":"2022-11-28T14:37:45","modified_gmt":"2022-11-28T14:37:45","slug":"pasta-ceramiczna-wysokotemperaturowa-cp-1400-spray","status":"publish","type":"product","link":"https:\/\/sklep.selllift.com\/index.php\/product\/pasta-ceramiczna-wysokotemperaturowa-cp-1400-spray\/","title":{"rendered":"PASTA CERAMICZNA WYSOKOTEMPERATUROWA CP 1400 SPRAY"},"content":{"rendered":"<p>CP 1400 to\u00a0<strong>pasta ceramiczna w sprayu<\/strong>\u00a0chroni\u0105ca przed zatarciem, \u015bcieraniem, korozj\u0105, w\u017cerom, tak\u017ce w agresywnych warunkach. Idealny dla\u00a0<strong>stali szlachetnej<\/strong>\u00a0lub stopowej. Stosowany na wewn\u0119trznych elementach z\u0142\u0105cza gwintowanego, z\u0142\u0105czkach rurowych, \u015brubach, ko\u0142nierzach itp.\u00a0<strong>Uszczelnia<\/strong>\u00a0gwinty, uszczelki p\u0142askie na ko\u0142nierzach, obudowy pomp, p\u0142yty kryj\u0105ce, g\u0142owice cylindr\u00f3w, itd. Gwarantuje \u0142atwy demonta\u017c element\u00f3w tak\u017ce po latach. CP 1400 jest doskona\u0142ym produktem\u00a0<strong>smarnym<\/strong>. Hamuje dzia\u0142anie kwas\u00f3w, \u0142ug\u00f3w, chemikali\u00f3w. Pasta ceramiczna jest odporna na dzia\u0142anie wody s\u0142odkiej i s\u0142onej.\u00a0Produkt nie przewodzi pr\u0105du elektrycznego, dzi\u0119ki czemu znajduje zastosowanie w<strong>\u00a0monta\u017cu uk\u0142ad\u00f3w hamulcowych<\/strong>\u00a0z systemem ABS.<br \/>\nProdukt w puszce typu spray umo\u017cliwia wygodn\u0105 aplikacj\u0119.<br \/>\nPasta ceramiczna posiada bardzo wysok\u0105 odporno\u015b\u0107 temperaturow\u0105, nawet\u00a0<strong>do 1400\u00b0C.<\/strong><\/p>\n","protected":false},"excerpt":{"rendered":"<p><img loading=\"lazy\" decoding=\"async\" class=\"alignnone size-full wp-image-465\" src=\"https:\/\/sklep.selllift.com\/wp-content\/uploads\/2022\/11\/zegarek.png\" alt=\"\" width=\"37\" height=\"35\" \/>Kup do godz.\u00a0<strong>14:00<\/strong>, a otrzymasz w kolejnym dniu roboczym.<\/p>\n<div class=\"product_info_grid\">\n<div><img loading=\"lazy\" decoding=\"async\" class=\"alignnone size-full wp-image-466\" src=\"https:\/\/sklep.selllift.com\/wp-content\/uploads\/2022\/11\/doradca.png\" alt=\"\" width=\"44\" height=\"44\" \/>Fachowe doradztwo w doborze produkt\u00f3w.<\/div>\n<\/div>\n","protected":false},"featured_media":469,"comment_status":"open","ping_status":"closed","template":"","meta":[],"product_brand":[],"product_cat":[109],"product_tag":[],"class_list":{"0":"post-468","1":"product","2":"type-product","3":"status-publish","4":"has-post-thumbnail","6":"product_cat-materialy-eksploatacyjne","8":"first","9":"instock","10":"taxable","11":"shipping-taxable","12":"purchasable","13":"product-type-simple"},"jetpack-related-posts":[],"jetpack_sharing_enabled":true,"_links":{"self":[{"href":"https:\/\/sklep.selllift.com\/index.php\/wp-json\/wp\/v2\/product\/468","targetHints":{"allow":["GET"]}}],"collection":[{"href":"https:\/\/sklep.selllift.com\/index.php\/wp-json\/wp\/v2\/product"}],"about":[{"href":"https:\/\/sklep.selllift.com\/index.php\/wp-json\/wp\/v2\/types\/product"}],"replies":[{"embeddable":true,"href":"https:\/\/sklep.selllift.com\/index.php\/wp-json\/wp\/v2\/comments?post=468"}],"wp:featuredmedia":[{"embeddable":true,"href":"https:\/\/sklep.selllift.com\/index.php\/wp-json\/wp\/v2\/media\/469"}],"wp:attachment":[{"href":"https:\/\/sklep.selllift.com\/index.php\/wp-json\/wp\/v2\/media?parent=468"}],"wp:term":[{"taxonomy":"product_brand","embeddable":true,"href":"https:\/\/sklep.selllift.com\/index.php\/wp-json\/wp\/v2\/product_brand?post=468"},{"taxonomy":"product_cat","embeddable":true,"href":"https:\/\/sklep.selllift.com\/index.php\/wp-json\/wp\/v2\/product_cat?post=468"},{"taxonomy":"product_tag","embeddable":true,"href":"https:\/\/sklep.selllift.com\/index.php\/wp-json\/wp\/v2\/product_tag?post=468"}],"curies":[{"name":"wp","href":"https:\/\/api.w.org\/{rel}","templated":true}]}}