{"id":464,"date":"2022-11-28T14:34:47","date_gmt":"2022-11-28T14:34:47","guid":{"rendered":"https:\/\/sklep.selllift.com\/?post_type=product&#038;p=464"},"modified":"2022-11-28T14:34:48","modified_gmt":"2022-11-28T14:34:48","slug":"tester-szczelnosci-instalacji-gazowych-lf-300","status":"publish","type":"product","link":"https:\/\/sklep.selllift.com\/index.php\/product\/tester-szczelnosci-instalacji-gazowych-lf-300\/","title":{"rendered":"TESTER SZCZELNO\u015aCI INSTALACJI GAZOWYCH LF 300"},"content":{"rendered":"<p>LF 300 jest doskona\u0142ym \u015brodkiem do\u00a0<strong>lokalizacji nieszczelno\u015bci<\/strong>\u00a0w instalacjach gazowych i spr\u0119\u017conego powietrza. Po rozpyleniu preparatu na badan\u0105 powierzchni\u0119 natychmiast nast\u0119puje lokalizacja nieszczelno\u015bci w postaci tworz\u0105cych si\u0119 p\u0119cherzyk\u00f3w powietrza. Produkt LF 300 jest niepalny, nie uszkadza uszczelek i materia\u0142\u00f3w, takich jak tworzywa sztuczne czy metal, nie powoduje korozji. Jako\u00a0<strong>\u015brodek spieniaj\u0105cy<\/strong>\u00a0i zarazem gaz p\u0119dny zosta\u0142 zastosowany\u00a0<strong>dwutlenek w\u0119gla<\/strong>, co umo\u017cliwia bezpieczne stosowanie nawet przy pracy z gazami palnymi.\u00a0<strong>Detektor nieszczelno\u015bci<\/strong>\u00a0LF 300 mo\u017ce by\u0107 r\u00f3wnie\u017c wykorzystywany do wykrywania uszkodze\u0144 w oponach lub pojemnikach pod ci\u015bnieniem.<\/p>\n<p>Zastosowanie:<br \/>\n\u2013 przewody ze spr\u0119\u017conym powietrzem, gazem p\u0142ynnym, ziemnym<br \/>\n\u2013 przewody spr\u0119\u017carek<br \/>\n\u2013 zbiorniki gazowe<br \/>\n\u2013 instalacje LPG<br \/>\n\u2013 z\u0142\u0105cza i inne miejsca gdzie mog\u0105 wyst\u0105pi\u0107 nieszczelno\u015bci (z\u0142\u0105cza \u015brubowe, po\u0142\u0105czenia nitowe)<br \/>\n\u2013 urz\u0105dzenia pracuj\u0105ce pod ci\u015bnieniem<\/p>\n","protected":false},"excerpt":{"rendered":"<p><img loading=\"lazy\" decoding=\"async\" class=\"alignnone size-full wp-image-465\" src=\"https:\/\/sklep.selllift.com\/wp-content\/uploads\/2022\/11\/zegarek.png\" alt=\"\" width=\"37\" height=\"35\" \/>Kup do godz.\u00a0<strong>14:00<\/strong>, a otrzymasz w kolejnym dniu roboczym.<\/p>\n<div class=\"product_info_grid\">\n<div><img loading=\"lazy\" decoding=\"async\" class=\"alignnone size-full wp-image-466\" src=\"https:\/\/sklep.selllift.com\/wp-content\/uploads\/2022\/11\/doradca.png\" alt=\"\" width=\"44\" height=\"44\" \/>Fachowe doradztwo w doborze produkt\u00f3w.<\/div>\n<\/div>\n","protected":false},"featured_media":467,"comment_status":"open","ping_status":"closed","template":"","meta":[],"product_brand":[],"product_cat":[109],"product_tag":[],"class_list":{"0":"post-464","1":"product","2":"type-product","3":"status-publish","4":"has-post-thumbnail","6":"product_cat-materialy-eksploatacyjne","8":"first","9":"instock","10":"taxable","11":"shipping-taxable","12":"purchasable","13":"product-type-simple"},"jetpack-related-posts":[],"jetpack_sharing_enabled":true,"_links":{"self":[{"href":"https:\/\/sklep.selllift.com\/index.php\/wp-json\/wp\/v2\/product\/464","targetHints":{"allow":["GET"]}}],"collection":[{"href":"https:\/\/sklep.selllift.com\/index.php\/wp-json\/wp\/v2\/product"}],"about":[{"href":"https:\/\/sklep.selllift.com\/index.php\/wp-json\/wp\/v2\/types\/product"}],"replies":[{"embeddable":true,"href":"https:\/\/sklep.selllift.com\/index.php\/wp-json\/wp\/v2\/comments?post=464"}],"wp:featuredmedia":[{"embeddable":true,"href":"https:\/\/sklep.selllift.com\/index.php\/wp-json\/wp\/v2\/media\/467"}],"wp:attachment":[{"href":"https:\/\/sklep.selllift.com\/index.php\/wp-json\/wp\/v2\/media?parent=464"}],"wp:term":[{"taxonomy":"product_brand","embeddable":true,"href":"https:\/\/sklep.selllift.com\/index.php\/wp-json\/wp\/v2\/product_brand?post=464"},{"taxonomy":"product_cat","embeddable":true,"href":"https:\/\/sklep.selllift.com\/index.php\/wp-json\/wp\/v2\/product_cat?post=464"},{"taxonomy":"product_tag","embeddable":true,"href":"https:\/\/sklep.selllift.com\/index.php\/wp-json\/wp\/v2\/product_tag?post=464"}],"curies":[{"name":"wp","href":"https:\/\/api.w.org\/{rel}","templated":true}]}}