{"id":462,"date":"2022-11-28T14:30:03","date_gmt":"2022-11-28T14:30:03","guid":{"rendered":"https:\/\/sklep.selllift.com\/?post_type=product&#038;p=462"},"modified":"2022-11-28T14:30:03","modified_gmt":"2022-11-28T14:30:03","slug":"pasta-miedziana-wysokotemperaturowa-cu-1200-spray","status":"publish","type":"product","link":"https:\/\/sklep.selllift.com\/index.php\/product\/pasta-miedziana-wysokotemperaturowa-cu-1200-spray\/","title":{"rendered":"PASTA MIEDZIANA WYSOKOTEMPERATUROWA CU 1200 SPRAY"},"content":{"rendered":"<p>Cu 1200 jest to wysoko przyczepna\u00a0<strong>pasta miedziana w sprayu<\/strong>\u00a0o maksymalnej zawarto\u015bci sta\u0142ych cz\u0105steczek\u00a0<strong>miedzi, antyutleniaczy i \u015brodk\u00f3w antykorozyjnych.<\/strong>\u00a0Zapobiega\u00a0<strong>zacieraniu, zapiekaniu, zakleszczaniu<\/strong>\u00a0oraz korozji cz\u0119\u015bci nara\u017canych na wysokie temperatury oraz trudne warunki atmosferyczne. Pasta jest odporna ma wysokie naciski oraz na wyp\u0142ukiwanie gor\u0105c\u0105 lub s\u0142on\u0105 wod\u0105. Powstrzymuje rozw\u00f3j korozji. Preparat idealnie nadaje si\u0119 do smarowania i konserwacji po\u0142\u0105cze\u0144\u00a0<strong>gwintowanych<\/strong>\u00a0i\u00a0<strong>wciskowych<\/strong>, gwint\u00f3w \u015bwiec zap\u0142onowych, wtryskiwaczy, ko\u0142nierzy po\u0142\u0105czeniowych, zawor\u00f3w kot\u0142\u00f3w, instalacji parowych, magistral ciep\u0142a, oprzyrz\u0105dowania form odlewniczych, piast, \u015brub oraz nakr\u0119tek k\u00f3\u0142, uk\u0142ad\u00f3w wydechowych, zawias\u00f3w piec\u00f3w, osi szcz\u0119k i prowadnic klock\u00f3w hamulcowych. Produkt znajduje zastosowanie w przemy\u015ble hutniczym, chemicznym, drzewnym, wydobywczym, tekstylnym, papierniczym, w warsztatach samochodowych, \u015bwietnie sprawdza si\u0119 r\u00f3wnie\u017c w elektrowniach, ciep\u0142owniach oraz gazowniach.<br \/>\nProdukt w puszcze typu spray.<br \/>\nPasta miedziana umo\u017cliwia<strong>\u00a0smarowanie<\/strong>\u00a0po\u0142\u0105cze\u0144 w zakresie temperatur od\u00a0<strong>-30 \u00b0C do 1200 \u00b0C.<\/strong><\/p>\n","protected":false},"excerpt":{"rendered":"<p><img decoding=\"async\" title=\"\" src=\"https:\/\/ecochemical.pl\/themes\/ecochem\/img\/zegarek.png\" alt=\"\" \/>Kup do godz.\u00a0<strong>14:00<\/strong>, a otrzymasz w kolejnym dniu roboczym.<\/p>\n<div class=\"product_info_grid\">\n<div><img decoding=\"async\" title=\"\" src=\"https:\/\/ecochemical.pl\/themes\/ecochem\/img\/doradca.png\" alt=\"\" \/>Fachowe doradztwo w\u00a0doborze produkt\u00f3w.<\/div>\n<\/div>\n","protected":false},"featured_media":463,"comment_status":"open","ping_status":"closed","template":"","meta":[],"product_brand":[],"product_cat":[109],"product_tag":[],"class_list":{"0":"post-462","1":"product","2":"type-product","3":"status-publish","4":"has-post-thumbnail","6":"product_cat-materialy-eksploatacyjne","8":"first","9":"instock","10":"taxable","11":"shipping-taxable","12":"purchasable","13":"product-type-simple"},"jetpack-related-posts":[],"jetpack_sharing_enabled":true,"_links":{"self":[{"href":"https:\/\/sklep.selllift.com\/index.php\/wp-json\/wp\/v2\/product\/462","targetHints":{"allow":["GET"]}}],"collection":[{"href":"https:\/\/sklep.selllift.com\/index.php\/wp-json\/wp\/v2\/product"}],"about":[{"href":"https:\/\/sklep.selllift.com\/index.php\/wp-json\/wp\/v2\/types\/product"}],"replies":[{"embeddable":true,"href":"https:\/\/sklep.selllift.com\/index.php\/wp-json\/wp\/v2\/comments?post=462"}],"wp:featuredmedia":[{"embeddable":true,"href":"https:\/\/sklep.selllift.com\/index.php\/wp-json\/wp\/v2\/media\/463"}],"wp:attachment":[{"href":"https:\/\/sklep.selllift.com\/index.php\/wp-json\/wp\/v2\/media?parent=462"}],"wp:term":[{"taxonomy":"product_brand","embeddable":true,"href":"https:\/\/sklep.selllift.com\/index.php\/wp-json\/wp\/v2\/product_brand?post=462"},{"taxonomy":"product_cat","embeddable":true,"href":"https:\/\/sklep.selllift.com\/index.php\/wp-json\/wp\/v2\/product_cat?post=462"},{"taxonomy":"product_tag","embeddable":true,"href":"https:\/\/sklep.selllift.com\/index.php\/wp-json\/wp\/v2\/product_tag?post=462"}],"curies":[{"name":"wp","href":"https:\/\/api.w.org\/{rel}","templated":true}]}}