{"id":460,"date":"2022-11-28T14:26:29","date_gmt":"2022-11-28T14:26:29","guid":{"rendered":"https:\/\/sklep.selllift.com\/?post_type=product&#038;p=460"},"modified":"2022-11-28T14:26:29","modified_gmt":"2022-11-28T14:26:29","slug":"zamrazacz-w-sprayu-ice-50-freezer","status":"publish","type":"product","link":"https:\/\/sklep.selllift.com\/index.php\/product\/zamrazacz-w-sprayu-ice-50-freezer\/","title":{"rendered":"ZAMRA\u017bACZ W SPRAYU ICE 50 FREEZER"},"content":{"rendered":"<p>ICE 50 Freezer \u2013 <strong>zamra\u017cacz<\/strong>\u00a0w sprayu stosowany jest do sch\u0142adzania obrabianych powierzchni do temperatury\u00a0<strong>\u2013 50\u00b0 C<\/strong>. Dzi\u0119ki wysokiej amplitudzie temperatur preparat precyzyjnie wykrywa uszkodzenia oraz je eliminuje. Produkt o w\u0142a\u015bciwo\u015bciach zamra\u017caj\u0105cych stosuje si\u0119 w wielu procesach\u00a0<strong>monta\u017cowych<\/strong>\u00a0takich jak: monta\u017c tulei, \u0142o\u017cysk, wa\u0142\u00f3w oraz do sch\u0142adzania np. tranzystor\u00f3w, rezystor\u00f3w, uk\u0142ad\u00f3w wtryskowych i ga\u017anikowych.\u00a0<strong>Ekstremalnie niska temperatura<\/strong>\u00a0umo\u017cliwia dopasowanie si\u0119 do najw\u0119\u017cszych pasowa\u0144 oraz\u00a0<strong>zapobiega<\/strong>\u00a0powstawaniu szk\u00f3d powodowanych wysok\u0105 temperatur\u0105 w pobli\u017cu proces\u00f3w lutowania.<\/p>\n","protected":false},"excerpt":{"rendered":"<p><img decoding=\"async\" title=\"\" src=\"https:\/\/ecochemical.pl\/themes\/ecochem\/img\/zegarek.png\" alt=\"\" \/>Kup do godz.\u00a0<strong>14:00<\/strong>, a otrzymasz w kolejnym dniu roboczym.<\/p>\n<div class=\"product_info_grid\">\n<div><img decoding=\"async\" title=\"\" src=\"https:\/\/ecochemical.pl\/themes\/ecochem\/img\/doradca.png\" alt=\"\" \/>Fachowe doradztwo w\u00a0doborze produkt\u00f3w.<\/div>\n<\/div>\n","protected":false},"featured_media":461,"comment_status":"open","ping_status":"closed","template":"","meta":[],"product_brand":[],"product_cat":[109],"product_tag":[],"class_list":{"0":"post-460","1":"product","2":"type-product","3":"status-publish","4":"has-post-thumbnail","6":"product_cat-materialy-eksploatacyjne","8":"first","9":"instock","10":"taxable","11":"shipping-taxable","12":"purchasable","13":"product-type-simple"},"jetpack-related-posts":[],"jetpack_sharing_enabled":true,"_links":{"self":[{"href":"https:\/\/sklep.selllift.com\/index.php\/wp-json\/wp\/v2\/product\/460","targetHints":{"allow":["GET"]}}],"collection":[{"href":"https:\/\/sklep.selllift.com\/index.php\/wp-json\/wp\/v2\/product"}],"about":[{"href":"https:\/\/sklep.selllift.com\/index.php\/wp-json\/wp\/v2\/types\/product"}],"replies":[{"embeddable":true,"href":"https:\/\/sklep.selllift.com\/index.php\/wp-json\/wp\/v2\/comments?post=460"}],"wp:featuredmedia":[{"embeddable":true,"href":"https:\/\/sklep.selllift.com\/index.php\/wp-json\/wp\/v2\/media\/461"}],"wp:attachment":[{"href":"https:\/\/sklep.selllift.com\/index.php\/wp-json\/wp\/v2\/media?parent=460"}],"wp:term":[{"taxonomy":"product_brand","embeddable":true,"href":"https:\/\/sklep.selllift.com\/index.php\/wp-json\/wp\/v2\/product_brand?post=460"},{"taxonomy":"product_cat","embeddable":true,"href":"https:\/\/sklep.selllift.com\/index.php\/wp-json\/wp\/v2\/product_cat?post=460"},{"taxonomy":"product_tag","embeddable":true,"href":"https:\/\/sklep.selllift.com\/index.php\/wp-json\/wp\/v2\/product_tag?post=460"}],"curies":[{"name":"wp","href":"https:\/\/api.w.org\/{rel}","templated":true}]}}