{"id":457,"date":"2022-11-28T14:17:16","date_gmt":"2022-11-28T14:17:16","guid":{"rendered":"https:\/\/sklep.selllift.com\/?post_type=product&#038;p=457"},"modified":"2022-11-28T14:18:52","modified_gmt":"2022-11-28T14:18:52","slug":"odrdzewiacz-z-efektem-zamrazania-rust-off-ice","status":"publish","type":"product","link":"https:\/\/sklep.selllift.com\/index.php\/product\/odrdzewiacz-z-efektem-zamrazania-rust-off-ice\/","title":{"rendered":"ODRDZEWIACZ Z EFEKTEM ZAMRA\u017bANIA RUST OFF ICE"},"content":{"rendered":"<div class=\"product_info_grid bottomline\"><\/div>\n<div class=\"product_info_grid\">\n<div>Wysokiej jako\u015bci\u00a0<strong>odrdzewiacz z efektem zamra\u017cania<\/strong>\u00a0Rust Off Ice, kt\u00f3ry w efekcie znacznego obni\u017cenia temperatury do -40 \u00baC, powoduje p\u0119kanie zapieczonych po\u0142\u0105cze\u0144. Preparat charakteryzuje si\u0119 jednocze\u015bnie doskona\u0142ymi w\u0142a\u015bciwo\u015bciami penetruj\u0105cymi.<\/div>\n<\/div>\n<p>Kiedy powierzchnia zostanie gwa\u0142townie och\u0142odzona powstaj\u0105 mikroskopijne p\u0119kni\u0119cia skorodowanej warstwy, kt\u00f3re powoduj\u0105 rozpadanie si\u0119 rdzy i pozwalaj\u0105 na lepsz\u0105 penetracj\u0119 tych miejsc sk\u0142adnikami aktywnymi odrdzewiacza. Produkt Rost Off Ice luzuje utlenione i mocno zardzewia\u0142e po\u0142\u0105czenia gwintowane w samochodach osobowych, ci\u0119\u017carowych, maszynach budowlanych i rolniczych. Odrdzewiacz nie zawiera silikonu, nie reaguje z gum\u0105, nie zawiera kwas\u00f3w i \u017cywic.<br \/>\nProdukt mo\u017ce by\u0107 stosowany mi\u0119dzy innymi w przemy\u015ble hutniczym, stoczniowym, wydobywczym, motoryzacyjnym, poligraficznym, chemicznym, drzewnym i innych.<\/p>\n","protected":false},"excerpt":{"rendered":"<p><img decoding=\"async\" title=\"\" src=\"https:\/\/ecochemical.pl\/themes\/ecochem\/img\/zegarek.png\" alt=\"\" \/>Kup do godz.\u00a0<strong>14:00<\/strong>, a otrzymasz w kolejnym dniu roboczym.<\/p>\n<div class=\"product_info_grid\">\n<div><img decoding=\"async\" title=\"\" src=\"https:\/\/ecochemical.pl\/themes\/ecochem\/img\/doradca.png\" alt=\"\" \/>Fachowe doradztwo w\u00a0doborze produkt\u00f3w.<\/div>\n<\/div>\n","protected":false},"featured_media":458,"comment_status":"open","ping_status":"closed","template":"","meta":[],"product_brand":[],"product_cat":[109],"product_tag":[130,131],"class_list":{"0":"post-457","1":"product","2":"type-product","3":"status-publish","4":"has-post-thumbnail","6":"product_cat-materialy-eksploatacyjne","7":"product_tag-rust-of-ice","8":"product_tag-zamrazacz","10":"first","11":"instock","12":"taxable","13":"shipping-taxable","14":"purchasable","15":"product-type-simple"},"jetpack-related-posts":[],"jetpack_sharing_enabled":true,"_links":{"self":[{"href":"https:\/\/sklep.selllift.com\/index.php\/wp-json\/wp\/v2\/product\/457","targetHints":{"allow":["GET"]}}],"collection":[{"href":"https:\/\/sklep.selllift.com\/index.php\/wp-json\/wp\/v2\/product"}],"about":[{"href":"https:\/\/sklep.selllift.com\/index.php\/wp-json\/wp\/v2\/types\/product"}],"replies":[{"embeddable":true,"href":"https:\/\/sklep.selllift.com\/index.php\/wp-json\/wp\/v2\/comments?post=457"}],"wp:featuredmedia":[{"embeddable":true,"href":"https:\/\/sklep.selllift.com\/index.php\/wp-json\/wp\/v2\/media\/458"}],"wp:attachment":[{"href":"https:\/\/sklep.selllift.com\/index.php\/wp-json\/wp\/v2\/media?parent=457"}],"wp:term":[{"taxonomy":"product_brand","embeddable":true,"href":"https:\/\/sklep.selllift.com\/index.php\/wp-json\/wp\/v2\/product_brand?post=457"},{"taxonomy":"product_cat","embeddable":true,"href":"https:\/\/sklep.selllift.com\/index.php\/wp-json\/wp\/v2\/product_cat?post=457"},{"taxonomy":"product_tag","embeddable":true,"href":"https:\/\/sklep.selllift.com\/index.php\/wp-json\/wp\/v2\/product_tag?post=457"}],"curies":[{"name":"wp","href":"https:\/\/api.w.org\/{rel}","templated":true}]}}