{"id":446,"date":"2022-11-28T12:24:51","date_gmt":"2022-11-28T12:24:51","guid":{"rendered":"https:\/\/sklep.selllift.com\/?post_type=product&#038;p=446"},"modified":"2022-11-28T12:53:26","modified_gmt":"2022-11-28T12:53:26","slug":"wozek-magazynowo-transportowy","status":"publish","type":"product","link":"https:\/\/sklep.selllift.com\/index.php\/product\/wozek-magazynowo-transportowy\/","title":{"rendered":"W\u00f3zek magazynowo transportowy"},"content":{"rendered":"<p>W\u00f3zki z powodzeniem znajd\u0105 zastosowanie w magazynach, sklepach i firmach, gdzie niezb\u0119dne jest pewne i sprawne przewo\u017cenie towar\u00f3w.<\/p>\n<p><b>Towar jest fabrycznie nowy.<\/b><\/p>\n<p>Konstrukcja w\u00f3zka zosta\u0142a wykonana z wysokiej jako\u015bci\u00a0komponent\u00f3w dzi\u0119ki czemu, w\u00f3zek jest solidny i wytrzyma\u0142y. Praca z jego u\u017cyciem jest wyj\u0105tkowo prosta i przyjemna.<\/p>\n","protected":false},"excerpt":{"rendered":"<p>Zalety:<\/p>\n<ul>\n<li><b>Pompowane ko\u0142a na \u0142o\u017cyskach<\/b><\/li>\n<li>Stabilna i solidna konstrukcja<\/li>\n<li>Uchwyty ochronne wykonane z wytrzyma\u0142ego tworzywa<\/li>\n<li>\u0141atwy do za\u0142adunku<\/li>\n<\/ul>\n","protected":false},"featured_media":447,"comment_status":"open","ping_status":"closed","template":"","meta":[],"product_brand":[],"product_cat":[79],"product_tag":[124,125,126,123],"class_list":{"0":"post-446","1":"product","2":"type-product","3":"status-publish","4":"has-post-thumbnail","6":"product_cat-technika-magazynowa","7":"product_tag-magazynowy","8":"product_tag-poreczny","9":"product_tag-reczny","10":"product_tag-wozek-do-skrzynek","12":"first","13":"instock","14":"taxable","15":"shipping-taxable","16":"purchasable","17":"product-type-simple"},"jetpack-related-posts":[],"jetpack_sharing_enabled":true,"_links":{"self":[{"href":"https:\/\/sklep.selllift.com\/index.php\/wp-json\/wp\/v2\/product\/446","targetHints":{"allow":["GET"]}}],"collection":[{"href":"https:\/\/sklep.selllift.com\/index.php\/wp-json\/wp\/v2\/product"}],"about":[{"href":"https:\/\/sklep.selllift.com\/index.php\/wp-json\/wp\/v2\/types\/product"}],"replies":[{"embeddable":true,"href":"https:\/\/sklep.selllift.com\/index.php\/wp-json\/wp\/v2\/comments?post=446"}],"wp:featuredmedia":[{"embeddable":true,"href":"https:\/\/sklep.selllift.com\/index.php\/wp-json\/wp\/v2\/media\/447"}],"wp:attachment":[{"href":"https:\/\/sklep.selllift.com\/index.php\/wp-json\/wp\/v2\/media?parent=446"}],"wp:term":[{"taxonomy":"product_brand","embeddable":true,"href":"https:\/\/sklep.selllift.com\/index.php\/wp-json\/wp\/v2\/product_brand?post=446"},{"taxonomy":"product_cat","embeddable":true,"href":"https:\/\/sklep.selllift.com\/index.php\/wp-json\/wp\/v2\/product_cat?post=446"},{"taxonomy":"product_tag","embeddable":true,"href":"https:\/\/sklep.selllift.com\/index.php\/wp-json\/wp\/v2\/product_tag?post=446"}],"curies":[{"name":"wp","href":"https:\/\/api.w.org\/{rel}","templated":true}]}}