{"id":415,"date":"2022-06-29T12:37:38","date_gmt":"2022-06-29T12:37:38","guid":{"rendered":"https:\/\/sklep.selllift.com\/?post_type=product&#038;p=415"},"modified":"2022-06-29T12:37:38","modified_gmt":"2022-06-29T12:37:38","slug":"kolo-200x50","status":"publish","type":"product","link":"https:\/\/sklep.selllift.com\/index.php\/product\/kolo-200x50\/","title":{"rendered":"Ko\u0142o 200&#215;50"},"content":{"rendered":"<p>Ko\u0142o poliuretanowe (PU), kt\u00f3re jest d\u0142ugotrwa\u0142ym i ekonomicznym rozwi\u0105zaniem do zastosowa\u0144 o \u015bredniej i du\u017cej wytrzyma\u0142o\u015bci. Jest idealny do miejsc, w kt\u00f3rych higiena jest priorytetem, takich jak zak\u0142ady spo\u017cywcze i ch\u0142odnie. Wyb\u00f3r odpowiedniego ko\u0142a do Twojej sytuacji u\u0142atwi prac\u0119 Twoim pracownikom i wyd\u0142u\u017cy \u017cywotno\u015b\u0107 Twoich k\u00f3\u0142. To wysokiej jako\u015bci ko\u0142o poliuretanowe mo\u017ce by\u0107 u\u017cywane przez pe\u0142n\u0105 8-godzinn\u0105 zmian\u0119.<\/p>\n<p><strong>Rodzaj ko\u0142a<\/strong> standardowe ko\u0142o<br \/>\n<strong>Monta\u017c ko\u0142a<\/strong> z \u0142o\u017cyskiem<br \/>\n<strong>\u015arednica ko\u0142a D1 (mm)<\/strong> 200<br \/>\n<strong>Szeroko\u015b\u0107 ko\u0142a W1 (mm)<\/strong> 50<br \/>\n<strong>\u015arednica komory \u0142o\u017cyska 1 D3 (mm)<\/strong> 47<br \/>\n<strong>G\u0142\u0119boko\u015b\u0107 komory \u0142o\u017cyska 1 H1 (mm)<\/strong> 21<br \/>\n<strong>\u015arednica komory \u0142o\u017cyska 2 D4 (mm)<\/strong> 47<br \/>\n<strong>G\u0142\u0119boko\u015b\u0107 komory \u0142o\u017cyskowej 2 H2 (mm)<\/strong> 14<br \/>\n<strong>Typ \u0142o\u017cyska 1 (przedrostek)<\/strong> 6204<br \/>\n<strong>Podtyp \u0142o\u017cyska 1 (przyrostek)<\/strong> RS<br \/>\n<strong>\u015arednica wa\u0142u 1 D5 (mm)<\/strong> 20<br \/>\n<strong>Rodzaj \u0142o\u017cyska<\/strong> standardowe \u0142o\u017cysko<br \/>\n<strong>Materia\u0142 \u0142o\u017cyska<\/strong> stal<br \/>\n<strong>D\u0142ugo\u015b\u0107 piasty L-PIASTA (mm)<\/strong> 50<br \/>\n<strong>D\u0142ugo\u015b\u0107 mocowania L-CLA (mm)<\/strong> 43<br \/>\n<strong>Materia\u0142 ko\u0142a (zgrupowane)<\/strong> poliuretan<br \/>\n<strong>Szczeg\u00f3\u0142y materia\u0142u ko\u0142a <\/strong>Poliuretan: Do standardowego u\u017cytku 8h\/dziennie (1 zmiana\/dzie\u0144)<br \/>\n<strong>Materia\u0142 obr\u0119czy<\/strong> aluminium<br \/>\n<strong>\u015arednica felgi D2 (mm)<\/strong> 185<br \/>\n<strong>Szeroko\u015b\u0107 felgi W2 (mm)<\/strong> 50<\/p>\n","protected":false},"excerpt":{"rendered":"<p>Ko\u0142o poliuretanowe (PU), kt\u00f3re jest d\u0142ugotrwa\u0142ym i ekonomicznym rozwi\u0105zaniem do zastosowa\u0144 o \u015bredniej i du\u017cej wytrzyma\u0142o\u015bci. Jest idealny do miejsc, w kt\u00f3rych higiena jest priorytetem, takich jak zak\u0142ady spo\u017cywcze i ch\u0142odnie. Wyb\u00f3r odpowiedniego ko\u0142a do Twojej sytuacji u\u0142atwi prac\u0119 Twoim pracownikom i wyd\u0142u\u017cy \u017cywotno\u015b\u0107 Twoich k\u00f3\u0142. To wysokiej jako\u015bci ko\u0142o poliuretanowe mo\u017ce by\u0107 u\u017cywane przez [&hellip;]<\/p>\n","protected":false},"featured_media":416,"comment_status":"open","ping_status":"closed","template":"","meta":[],"product_brand":[],"product_cat":[75,95],"product_tag":[100,38,98,36],"class_list":{"0":"post-415","1":"product","2":"type-product","3":"status-publish","4":"has-post-thumbnail","6":"product_cat-czesci-do-wozkow","7":"product_cat-wozki-paletowe","8":"product_tag-kolo","9":"product_tag-paleciak","10":"product_tag-paleciarka","11":"product_tag-wozek","13":"first","14":"instock","15":"taxable","16":"shipping-taxable","17":"purchasable","18":"product-type-simple"},"jetpack-related-posts":[],"jetpack_sharing_enabled":true,"_links":{"self":[{"href":"https:\/\/sklep.selllift.com\/index.php\/wp-json\/wp\/v2\/product\/415","targetHints":{"allow":["GET"]}}],"collection":[{"href":"https:\/\/sklep.selllift.com\/index.php\/wp-json\/wp\/v2\/product"}],"about":[{"href":"https:\/\/sklep.selllift.com\/index.php\/wp-json\/wp\/v2\/types\/product"}],"replies":[{"embeddable":true,"href":"https:\/\/sklep.selllift.com\/index.php\/wp-json\/wp\/v2\/comments?post=415"}],"wp:featuredmedia":[{"embeddable":true,"href":"https:\/\/sklep.selllift.com\/index.php\/wp-json\/wp\/v2\/media\/416"}],"wp:attachment":[{"href":"https:\/\/sklep.selllift.com\/index.php\/wp-json\/wp\/v2\/media?parent=415"}],"wp:term":[{"taxonomy":"product_brand","embeddable":true,"href":"https:\/\/sklep.selllift.com\/index.php\/wp-json\/wp\/v2\/product_brand?post=415"},{"taxonomy":"product_cat","embeddable":true,"href":"https:\/\/sklep.selllift.com\/index.php\/wp-json\/wp\/v2\/product_cat?post=415"},{"taxonomy":"product_tag","embeddable":true,"href":"https:\/\/sklep.selllift.com\/index.php\/wp-json\/wp\/v2\/product_tag?post=415"}],"curies":[{"name":"wp","href":"https:\/\/api.w.org\/{rel}","templated":true}]}}