{"id":411,"date":"2022-06-29T12:20:20","date_gmt":"2022-06-29T12:20:20","guid":{"rendered":"https:\/\/sklep.selllift.com\/?post_type=product&#038;p=411"},"modified":"2022-06-29T12:20:21","modified_gmt":"2022-06-29T12:20:21","slug":"rolka-pu-pa","status":"publish","type":"product","link":"https:\/\/sklep.selllift.com\/index.php\/product\/rolka-pu-pa\/","title":{"rendered":"Rolka PU-PA"},"content":{"rendered":"<p>Ko\u0142o poliuretanowe (PU), kt\u00f3re jest d\u0142ugotrwa\u0142ym i ekonomicznym rozwi\u0105zaniem do zastosowa\u0144 o \u015bredniej i du\u017cej wytrzyma\u0142o\u015bci. Jest idealny do miejsc, w kt\u00f3rych higiena jest priorytetem, takich jak zak\u0142ady spo\u017cywcze i ch\u0142odnie. Wyb\u00f3r odpowiedniego ko\u0142a do Twojej sytuacji u\u0142atwi prac\u0119 Twoim pracownikom i wyd\u0142u\u017cy \u017cywotno\u015b\u0107 Twoich k\u00f3\u0142. To k\u00f3\u0142ko z pe\u0142nej gumy zapewnia doskona\u0142\u0105 przyczepno\u015b\u0107 na szorstkich lub nier\u00f3wnych powierzchniach, dzi\u0119ki czemu idealnie nadaje si\u0119 do u\u017cytku na zewn\u0105trz. Niebrudz\u0105ce ko\u0142o oznacza, \u017ce nie musisz si\u0119 martwi\u0107 o pozostawienie \u015blad\u00f3w na pod\u0142odze. Guma amortyzuje wstrz\u0105sy i zapewnia delikatniejsz\u0105 jazd\u0119 ni\u017c inne materia\u0142y.<\/p>\n<p><strong>\u015arednica ko\u0142a D1 (mm)<\/strong> 80<br \/>\n<strong>Szeroko\u015b\u0107 ko\u0142a W1 (mm) <\/strong>70<br \/>\n<strong>\u015arednica komory \u0142o\u017cyska 1 D3 (mm) <\/strong>47<br \/>\n<strong>G\u0142\u0119boko\u015b\u0107 komory \u0142o\u017cyska 1 H1 (mm) <\/strong>14<br \/>\n<strong>\u015arednica komory \u0142o\u017cyska 2 D4 (mm) <\/strong>47<br \/>\n<strong>G\u0142\u0119boko\u015b\u0107 komory \u0142o\u017cyskowej 2 H2 (mm) <\/strong>14<br \/>\n<strong>Typ \u0142o\u017cyska 1 (przedrostek) <\/strong>6204<br \/>\n<strong>Podtyp \u0142o\u017cyska 1 (przyrostek) <\/strong>2RS<br \/>\n<strong>\u015arednica wa\u0142u 1 D5 (mm) <\/strong>20<br \/>\n<strong>Typ \u0142o\u017cyska 2 (przedrostek) <\/strong>6204<br \/>\n<strong>Podtyp \u0142o\u017cyska 2 (przyrostek) <\/strong>2RS<br \/>\n<strong>\u015arednica wa\u0142u 2 D6 (mm) <\/strong>20<br \/>\n<strong>Rodzaj \u0142o\u017cyska <\/strong>standardowe \u0142o\u017cysko<br \/>\n<strong>Materia\u0142 \u0142o\u017cyska <\/strong>stal<br \/>\n<strong>D\u0142ugo\u015b\u0107 piasty L-PIASTA (mm) <\/strong>70<br \/>\n<strong>D\u0142ugo\u015b\u0107 mocowania L-CLA (mm) <\/strong>70<br \/>\n<strong>Materia\u0142 ko\u0142a (zgrupowane) <\/strong>poliuretan<br \/>\n<strong>Materia\u0142 obr\u0119czy <\/strong>nylon<br \/>\n<strong>\u015arednica felgi D2 (mm) <\/strong>70<br \/>\n<strong>Szeroko\u015b\u0107 felgi W2 (mm) <\/strong>70<br \/>\n<strong>Profil ko\u0142a <\/strong>g\u0142adki<\/p>\n","protected":false},"excerpt":{"rendered":"<p>Ko\u0142o poliuretanowe (PU), kt\u00f3re jest d\u0142ugotrwa\u0142ym i ekonomicznym rozwi\u0105zaniem do zastosowa\u0144 o \u015bredniej i du\u017cej wytrzyma\u0142o\u015bci. Jest idealny do miejsc, w kt\u00f3rych higiena jest priorytetem, takich jak zak\u0142ady spo\u017cywcze i ch\u0142odnie. Wyb\u00f3r odpowiedniego ko\u0142a do Twojej sytuacji u\u0142atwi prac\u0119 Twoim pracownikom i wyd\u0142u\u017cy \u017cywotno\u015b\u0107 Twoich k\u00f3\u0142. To k\u00f3\u0142ko z pe\u0142nej gumy zapewnia doskona\u0142\u0105 przyczepno\u015b\u0107 na [&hellip;]<\/p>\n","protected":false},"featured_media":412,"comment_status":"open","ping_status":"closed","template":"","meta":[],"product_brand":[],"product_cat":[75,95],"product_tag":[100,38,98,99,37],"class_list":{"0":"post-411","1":"product","2":"type-product","3":"status-publish","4":"has-post-thumbnail","6":"product_cat-czesci-do-wozkow","7":"product_cat-wozki-paletowe","8":"product_tag-kolo","9":"product_tag-paleciak","10":"product_tag-paleciarka","11":"product_tag-rolka","12":"product_tag-wozek-paletowy","14":"first","15":"instock","16":"taxable","17":"shipping-taxable","18":"purchasable","19":"product-type-simple"},"jetpack-related-posts":[],"jetpack_sharing_enabled":true,"_links":{"self":[{"href":"https:\/\/sklep.selllift.com\/index.php\/wp-json\/wp\/v2\/product\/411","targetHints":{"allow":["GET"]}}],"collection":[{"href":"https:\/\/sklep.selllift.com\/index.php\/wp-json\/wp\/v2\/product"}],"about":[{"href":"https:\/\/sklep.selllift.com\/index.php\/wp-json\/wp\/v2\/types\/product"}],"replies":[{"embeddable":true,"href":"https:\/\/sklep.selllift.com\/index.php\/wp-json\/wp\/v2\/comments?post=411"}],"wp:featuredmedia":[{"embeddable":true,"href":"https:\/\/sklep.selllift.com\/index.php\/wp-json\/wp\/v2\/media\/412"}],"wp:attachment":[{"href":"https:\/\/sklep.selllift.com\/index.php\/wp-json\/wp\/v2\/media?parent=411"}],"wp:term":[{"taxonomy":"product_brand","embeddable":true,"href":"https:\/\/sklep.selllift.com\/index.php\/wp-json\/wp\/v2\/product_brand?post=411"},{"taxonomy":"product_cat","embeddable":true,"href":"https:\/\/sklep.selllift.com\/index.php\/wp-json\/wp\/v2\/product_cat?post=411"},{"taxonomy":"product_tag","embeddable":true,"href":"https:\/\/sklep.selllift.com\/index.php\/wp-json\/wp\/v2\/product_tag?post=411"}],"curies":[{"name":"wp","href":"https:\/\/api.w.org\/{rel}","templated":true}]}}