{"id":409,"date":"2022-06-29T12:11:26","date_gmt":"2022-06-29T12:11:26","guid":{"rendered":"https:\/\/sklep.selllift.com\/?post_type=product&#038;p=409"},"modified":"2022-06-29T12:11:26","modified_gmt":"2022-06-29T12:11:26","slug":"rolka-80x90-b20","status":"publish","type":"product","link":"https:\/\/sklep.selllift.com\/index.php\/product\/rolka-80x90-b20\/","title":{"rendered":"Rolka 80&#215;90 B20"},"content":{"rendered":"<p>Ko\u0142o poliuretanowe (PU), kt\u00f3re jest d\u0142ugotrwa\u0142ym i ekonomicznym rozwi\u0105zaniem do zastosowa\u0144 o \u015bredniej i du\u017cej wytrzyma\u0142o\u015bci. Jest idealny do miejsc, w kt\u00f3rych higiena jest priorytetem, takich jak zak\u0142ady spo\u017cywcze i ch\u0142odnie. Wyb\u00f3r odpowiedniego ko\u0142a do Twojej sytuacji u\u0142atwi prac\u0119 Twoim pracownikom i wyd\u0142u\u017cy \u017cywotno\u015b\u0107 Twoich k\u00f3\u0142. To k\u00f3\u0142ko z pe\u0142nej gumy zapewnia doskona\u0142\u0105 przyczepno\u015b\u0107 na szorstkich lub nier\u00f3wnych powierzchniach, dzi\u0119ki czemu idealnie nadaje si\u0119 do u\u017cytku na zewn\u0105trz. Niebrudz\u0105ce ko\u0142o oznacza, \u017ce nie musisz si\u0119 martwi\u0107 o pozostawienie \u015blad\u00f3w na pod\u0142odze. Guma amortyzuje wstrz\u0105sy i zapewnia delikatniejsz\u0105 jazd\u0119 ni\u017c inne materia\u0142y.<\/p>\n<p><strong>KORZY\u015aCI<\/strong><\/p>\n<ul>\n<li>wysoka trakcja<\/li>\n<li>miekka jazda<\/li>\n<li>nie brudzi powierzchni pod\u0142ogi<\/li>\n<li>odporny na wiele substancji chemicznych<\/li>\n<\/ul>\n","protected":false},"excerpt":{"rendered":"<p>Ko\u0142o poliuretanowe (PU), kt\u00f3re jest d\u0142ugotrwa\u0142ym i ekonomicznym rozwi\u0105zaniem do zastosowa\u0144 o \u015bredniej i du\u017cej wytrzyma\u0142o\u015bci. Jest idealny do miejsc, w kt\u00f3rych higiena jest priorytetem, takich jak zak\u0142ady spo\u017cywcze i ch\u0142odnie. Wyb\u00f3r odpowiedniego ko\u0142a do Twojej sytuacji u\u0142atwi prac\u0119 Twoim pracownikom i wyd\u0142u\u017cy \u017cywotno\u015b\u0107 Twoich k\u00f3\u0142. To k\u00f3\u0142ko z pe\u0142nej gumy zapewnia doskona\u0142\u0105 przyczepno\u015b\u0107 na [&hellip;]<\/p>\n","protected":false},"featured_media":410,"comment_status":"open","ping_status":"closed","template":"","meta":[],"product_brand":[],"product_cat":[75,95],"product_tag":[97,38,98,96,37],"class_list":{"0":"post-409","1":"product","2":"type-product","3":"status-publish","4":"has-post-thumbnail","6":"product_cat-czesci-do-wozkow","7":"product_cat-wozki-paletowe","8":"product_tag-kolka","9":"product_tag-paleciak","10":"product_tag-paleciarka","11":"product_tag-rolki","12":"product_tag-wozek-paletowy","14":"first","15":"instock","16":"taxable","17":"shipping-taxable","18":"purchasable","19":"product-type-simple"},"jetpack-related-posts":[],"jetpack_sharing_enabled":true,"_links":{"self":[{"href":"https:\/\/sklep.selllift.com\/index.php\/wp-json\/wp\/v2\/product\/409","targetHints":{"allow":["GET"]}}],"collection":[{"href":"https:\/\/sklep.selllift.com\/index.php\/wp-json\/wp\/v2\/product"}],"about":[{"href":"https:\/\/sklep.selllift.com\/index.php\/wp-json\/wp\/v2\/types\/product"}],"replies":[{"embeddable":true,"href":"https:\/\/sklep.selllift.com\/index.php\/wp-json\/wp\/v2\/comments?post=409"}],"wp:featuredmedia":[{"embeddable":true,"href":"https:\/\/sklep.selllift.com\/index.php\/wp-json\/wp\/v2\/media\/410"}],"wp:attachment":[{"href":"https:\/\/sklep.selllift.com\/index.php\/wp-json\/wp\/v2\/media?parent=409"}],"wp:term":[{"taxonomy":"product_brand","embeddable":true,"href":"https:\/\/sklep.selllift.com\/index.php\/wp-json\/wp\/v2\/product_brand?post=409"},{"taxonomy":"product_cat","embeddable":true,"href":"https:\/\/sklep.selllift.com\/index.php\/wp-json\/wp\/v2\/product_cat?post=409"},{"taxonomy":"product_tag","embeddable":true,"href":"https:\/\/sklep.selllift.com\/index.php\/wp-json\/wp\/v2\/product_tag?post=409"}],"curies":[{"name":"wp","href":"https:\/\/api.w.org\/{rel}","templated":true}]}}