{"id":375,"date":"2022-05-29T15:18:04","date_gmt":"2022-05-29T15:18:04","guid":{"rendered":"http:\/\/sklep.selllift.com\/?post_type=product&#038;p=375"},"modified":"2025-04-08T10:17:58","modified_gmt":"2025-04-08T10:17:58","slug":"blue-zone-9-60v","status":"publish","type":"product","link":"https:\/\/sklep.selllift.com\/index.php\/product\/blue-zone-9-60v\/","title":{"rendered":"BLUE ZONE 9-60V"},"content":{"rendered":"<p><strong>KORZY\u015aCI<\/strong><br \/>\nD\u0142uga \u017cywotno\u015b\u0107<br \/>\nNiski pob\u00f3r mocy<br \/>\nNie m\u0119czy oczu kierowcy<br \/>\nNiski poziom grzania diod, wi\u0119c ryzyko po\u017caru lub oparze\u0144 jest ograniczone<br \/>\nNiebieski jest bardzo widoczny na betonie<br \/>\nStrefa bezpiecze\u0144stwa wzd\u0142u\u017c maszyny<br \/>\nCiche rozwi\u0105zanie ostrzegaj\u0105ce pieszych<\/p>\n<p><strong>OPIS<\/strong><br \/>\nBezpiecze\u0144stwo ma ogromne znaczenie podczas pracy z ci\u0119\u017ckimi maszynami i obok nich. Ta lampa ostrzegawcza projekcyjna jest idealnym cichym systemem ostrzegawczym. Wy\u015bwietla wizualne ostrze\u017cenia, takie jak plamki, strza\u0142ki lub linie, dostarczaj\u0105c wszystkim w pobli\u017cu podstawowych informacji o tym, jak zachowa\u0107 bezpiecze\u0144stwo w pobli\u017cu maszyny. Ta ostrzegawcza lampka ostrzegawcza LED zapewnia d\u0142ug\u0105 \u017cywotno\u015b\u0107 przy niskim zu\u017cyciu energii. Nie dra\u017cni oczu i prawie si\u0119 nie nagrzewa, wi\u0119c nie ma ryzyka po\u017caru lub poparzenia. Dodatkowo jest przyjazny dla \u015brodowiska. Ta lampka ostrzegawcza projekcji wykorzystuje linie do utworzenia strefy, w kt\u00f3rej nie mo\u017cna przej\u015b\u0107 obok maszyny. Ludziom \u0142atwo jest dostrzec obszary, kt\u00f3rych musz\u0105 unika\u0107. Aby zapewni\u0107 najwy\u017cszy poziom bezpiecze\u0144stwa, b\u0119dziesz potrzebowa\u0107 wielu \u015bwiate\u0142, kt\u00f3re zas\u0142aniaj\u0105 wszystkie strony maszyny. Ta niebieska lampka ostrzegawcza projekcyjna jest dobrze widoczna na powierzchniach betonowych. Dzi\u0119ki temu jest szczeg\u00f3lnie przydatny i dobrze widoczny w magazynach.<\/p>\n<p>Kszta\u0142t obudowy &#8211; prostok\u0105tny<br \/>\nKszta\u0142t projekcji &#8211; linia<br \/>\nKolor projekcji &#8211; niebieski<br \/>\nMigaj\u0105ca projekcja &#8211; NIE<br \/>\nD\u0142ugo\u015b\u0107 ca\u0142kowita (L1) (mm) &#8211; 155<br \/>\nD\u0142ugo\u015b\u0107 obudowy otaczaj\u0105cej soczewk\u0119 (L2) (mm) &#8211; 155<br \/>\nWysoko\u015b\u0107 ca\u0142kowita (H1) (mm) &#8211; 59<br \/>\nWysoko\u015b\u0107 obudowy otaczaj\u0105cej soczewk\u0119 (H2) (mm) &#8211; 59<br \/>\nSzeroko\u015b\u0107 ca\u0142kowita (W1) (mm) &#8211; 68<br \/>\nSzeroko\u015b\u0107 obudowy otaczaj\u0105cej soczewk\u0119 (W2) (mm) &#8211; 68<br \/>\nD\u0142ugo\u015b\u0107 drutu (L3) (mm) &#8211; 300<br \/>\nObecny wspornik &#8211; TAK<br \/>\nPozycja przywi\u0105zania &#8211; piedesta\u0142<br \/>\nLiczba mocowa\u0144 &#8211; 2<br \/>\nRodzaj mocowania &#8211; \u015bruba<br \/>\nRozmiar gwintu gwintu zewn\u0119trznego &#8211; M8<br \/>\nSkok metryczny gwintu zewn\u0119trznego (mm) &#8211; 1,25<br \/>\nGwint prawy\/lewy gwint zewn\u0119trzny &#8211; prawor\u0119czny<br \/>\nNapi\u0119cie minimalne (U1) (V) &#8211; 9<br \/>\nNapi\u0119cie maksymalne (U2) (V) &#8211; 60<br \/>\nRodzaj z\u0142\u0105cza &#8211; z\u0142\u0105cze 2<br \/>\nLiczba z\u0142\u0105czy &#8211; 1<br \/>\nIlo\u015b\u0107 pin\u00f3w w z\u0142\u0105czu &#8211; 2<br \/>\n\u017bar\u00f3wki w zestawie &#8211; TAK<br \/>\nWymienna soczewka &#8211; NIE<br \/>\nMateria\u0142 soczewki &#8211; Plastikowy<br \/>\nMateria\u0142 obudowy &#8211; aluminium<br \/>\nLiczba diod LED &#8211; 6<br \/>\nMoc (W) &#8211; 18<br \/>\nTeoretyczne \u015bwiat\u0142o &#8211; 822<br \/>\nWarto\u015b\u0107 IP (wodo- i py\u0142oszczelno\u015b\u0107) &#8211; IP67<br \/>\nPrzeciwwybuchowy &#8211; NIE<\/p>\n","protected":false},"excerpt":{"rendered":"<p>Lampa ostrzegawcza projekcyjna wy\u015bwietla wizualne ostrze\u017cenia wok\u00f3\u0142 w\u00f3zk\u00f3w wid\u0142owych i ci\u0119\u017ckich maszyn, aby zwi\u0119kszy\u0107 bezpiecze\u0144stwo.<\/p>\n","protected":false},"featured_media":376,"comment_status":"open","ping_status":"closed","template":"","meta":[],"product_brand":[],"product_cat":[75,76],"product_tag":[93,94,90,92],"class_list":{"0":"post-375","1":"product","2":"type-product","3":"status-publish","4":"has-post-thumbnail","6":"product_cat-czesci-do-wozkow","7":"product_cat-oswietlenie","8":"product_tag-blue","9":"product_tag-blue-zone","10":"product_tag-lamba","11":"product_tag-niebieska","13":"first","14":"instock","15":"taxable","16":"shipping-taxable","17":"purchasable","18":"product-type-simple"},"jetpack-related-posts":[],"jetpack_sharing_enabled":true,"_links":{"self":[{"href":"https:\/\/sklep.selllift.com\/index.php\/wp-json\/wp\/v2\/product\/375","targetHints":{"allow":["GET"]}}],"collection":[{"href":"https:\/\/sklep.selllift.com\/index.php\/wp-json\/wp\/v2\/product"}],"about":[{"href":"https:\/\/sklep.selllift.com\/index.php\/wp-json\/wp\/v2\/types\/product"}],"replies":[{"embeddable":true,"href":"https:\/\/sklep.selllift.com\/index.php\/wp-json\/wp\/v2\/comments?post=375"}],"wp:featuredmedia":[{"embeddable":true,"href":"https:\/\/sklep.selllift.com\/index.php\/wp-json\/wp\/v2\/media\/376"}],"wp:attachment":[{"href":"https:\/\/sklep.selllift.com\/index.php\/wp-json\/wp\/v2\/media?parent=375"}],"wp:term":[{"taxonomy":"product_brand","embeddable":true,"href":"https:\/\/sklep.selllift.com\/index.php\/wp-json\/wp\/v2\/product_brand?post=375"},{"taxonomy":"product_cat","embeddable":true,"href":"https:\/\/sklep.selllift.com\/index.php\/wp-json\/wp\/v2\/product_cat?post=375"},{"taxonomy":"product_tag","embeddable":true,"href":"https:\/\/sklep.selllift.com\/index.php\/wp-json\/wp\/v2\/product_tag?post=375"}],"curies":[{"name":"wp","href":"https:\/\/api.w.org\/{rel}","templated":true}]}}