{"id":369,"date":"2022-05-29T15:12:45","date_gmt":"2022-05-29T15:12:45","guid":{"rendered":"http:\/\/sklep.selllift.com\/?post_type=product&#038;p=369"},"modified":"2022-05-29T15:12:46","modified_gmt":"2022-05-29T15:12:46","slug":"lampa-do-wozka-led","status":"publish","type":"product","link":"https:\/\/sklep.selllift.com\/index.php\/product\/lampa-do-wozka-led\/","title":{"rendered":"Lampa do w\u00f3zka LED"},"content":{"rendered":"<p><strong>KORZY\u015aCI<\/strong><br \/>\nD\u0142uga \u017cywotno\u015b\u0107<br \/>\nNiski pob\u00f3r mocy<br \/>\nNie m\u0119czy oczu kierowcy<br \/>\nPrawie \u017cadne ogrzewanie, wi\u0119c ryzyko po\u017caru lub oparze\u0144 jest ograniczone<\/p>\n<p>OPIS<br \/>\nPracujesz w s\u0142abo o\u015bwietlonym magazynie? Ta lampa robocza rozja\u015bni wszystko i poprawi bezpiecze\u0144stwo. Jest ma\u0142y, wytrzyma\u0142y i nadaje si\u0119 do wielu typ\u00f3w maszyn, w tym w\u00f3zk\u00f3w wid\u0142owych. Technologia LED zapewnia temu reflektorowi roboczemu imponuj\u0105co d\u0142ug\u0105 \u017cywotno\u015b\u0107. Zu\u017cywa bardzo ma\u0142o energii i nie powoduje zm\u0119czenia oczu. Co wi\u0119cej, prawie wcale si\u0119 nie nagrzewa, wi\u0119c nie musisz si\u0119 martwi\u0107 o po\u017cary ani oparzenia. Jest przyjazny dla \u015brodowiska.<\/p>\n<p><strong>SPECYFIKACJE<\/strong><br \/>\nKszta\u0142t reflektora roboczego &#8211; kwadrat<br \/>\nD\u0142ugo\u015b\u0107 ca\u0142kowita (L1) (mm) &#8211; 82<br \/>\nWysoko\u015b\u0107 ca\u0142kowita (H1) (mm) &#8211; 75<br \/>\nSzeroko\u015b\u0107 ca\u0142kowita (W1) (mm) &#8211; 81<br \/>\nD\u0142ugo\u015b\u0107 drutu (L3) (mm) &#8211; 510<br \/>\nPozycja przywi\u0105zania &#8211; piedesta\u0142<br \/>\nNapi\u0119cie minimalne (U1) (V) &#8211; 9<br \/>\nNapi\u0119cie maksymalne (U2) (V) &#8211; 32<br \/>\nLiczba z\u0142\u0105czy &#8211; 1<br \/>\nObecny wspornik &#8211; NIE<br \/>\nObecny stra\u017cnik \u015bwiat\u0142a &#8211; NIE<br \/>\nUchwyt obecny &#8211; NIE<br \/>\nPrze\u0142\u0105cznik obecny &#8211; NIE<br \/>\nPrawa strona\/lewa strona\/obie strony &#8211; obie strony<br \/>\n\u017bar\u00f3wki w zestawie &#8211; TAK<br \/>\nWymienna soczewka &#8211; NIE<br \/>\nMateria\u0142 soczewki &#8211; Plastikowy<br \/>\nRodzaj technologii &#8211; DOPROWADZI\u0141O<br \/>\nECE-R23 (rewersy) &#8211; NIE<\/p>\n","protected":false},"excerpt":{"rendered":"<p>Roz\u015bwietl miejsce pracy i popraw bezpiecze\u0144stwo dzi\u0119ki tej jasnej i trwa\u0142ej lampie roboczej.<\/p>\n","protected":false},"featured_media":370,"comment_status":"open","ping_status":"closed","template":"","meta":[],"product_brand":[],"product_cat":[75,76],"product_tag":[89,87,88,71],"class_list":{"0":"post-369","1":"product","2":"type-product","3":"status-publish","4":"has-post-thumbnail","6":"product_cat-czesci-do-wozkow","7":"product_cat-oswietlenie","8":"product_tag-12v","9":"product_tag-lampa","10":"product_tag-led","11":"product_tag-nowa","13":"first","14":"instock","15":"taxable","16":"shipping-taxable","17":"purchasable","18":"product-type-simple"},"jetpack-related-posts":[],"jetpack_sharing_enabled":true,"_links":{"self":[{"href":"https:\/\/sklep.selllift.com\/index.php\/wp-json\/wp\/v2\/product\/369","targetHints":{"allow":["GET"]}}],"collection":[{"href":"https:\/\/sklep.selllift.com\/index.php\/wp-json\/wp\/v2\/product"}],"about":[{"href":"https:\/\/sklep.selllift.com\/index.php\/wp-json\/wp\/v2\/types\/product"}],"replies":[{"embeddable":true,"href":"https:\/\/sklep.selllift.com\/index.php\/wp-json\/wp\/v2\/comments?post=369"}],"wp:featuredmedia":[{"embeddable":true,"href":"https:\/\/sklep.selllift.com\/index.php\/wp-json\/wp\/v2\/media\/370"}],"wp:attachment":[{"href":"https:\/\/sklep.selllift.com\/index.php\/wp-json\/wp\/v2\/media?parent=369"}],"wp:term":[{"taxonomy":"product_brand","embeddable":true,"href":"https:\/\/sklep.selllift.com\/index.php\/wp-json\/wp\/v2\/product_brand?post=369"},{"taxonomy":"product_cat","embeddable":true,"href":"https:\/\/sklep.selllift.com\/index.php\/wp-json\/wp\/v2\/product_cat?post=369"},{"taxonomy":"product_tag","embeddable":true,"href":"https:\/\/sklep.selllift.com\/index.php\/wp-json\/wp\/v2\/product_tag?post=369"}],"curies":[{"name":"wp","href":"https:\/\/api.w.org\/{rel}","templated":true}]}}