{"id":364,"date":"2022-05-29T15:06:27","date_gmt":"2022-05-29T15:06:27","guid":{"rendered":"http:\/\/sklep.selllift.com\/?post_type=product&#038;p=364"},"modified":"2025-04-08T11:56:23","modified_gmt":"2025-04-08T11:56:23","slug":"przelacznik-kolumny-kierowniczej-jcb","status":"publish","type":"product","link":"https:\/\/sklep.selllift.com\/index.php\/product\/przelacznik-kolumny-kierowniczej-jcb\/","title":{"rendered":"Prze\u0142\u0105cznik kolumny kierowniczej JCB"},"content":{"rendered":"<p><strong>SPECYFIKACJA<\/strong><br \/>\nLiczba po\u0142\u0105cze\u0144 &#8211; 1<br \/>\nRodzaj po\u0142\u0105czenia &#8211; przew\u00f3d ze z\u0142\u0105czem<br \/>\nLiczba przewod\u00f3w &#8211; 4<br \/>\nLiczba pin\u00f3w &#8211; 4<br \/>\n\u015arednica mocowania kolumny kierownicy D1 (mm) &#8211; 44,7<br \/>\nCa\u0142kowita d\u0142ugo\u015b\u0107 prze\u0142\u0105cznika kolumny kierownicy L1 (mm) &#8211; 250<br \/>\nCa\u0142kowita szeroko\u015b\u0107 prze\u0142\u0105cznika kolumny kierownicy W1 (mm) &#8211; 70<br \/>\nCa\u0142kowita wysoko\u015b\u0107 prze\u0142\u0105cznika kolumny kierownicy H1 (mm) &#8211; 48<br \/>\nD\u0142ugo\u015b\u0107 kabla L2 (mm) &#8211; 270<br \/>\nIlo\u015b\u0107 otwor\u00f3w monta\u017cowych &#8211; 2<br \/>\n\u015arednica otwor\u00f3w monta\u017cowych D3 (mm) &#8211; 5<br \/>\nNajkr\u00f3tsza odleg\u0142o\u015b\u0107 mi\u0119dzy \u015brodkami otwor\u00f3w monta\u017cowych C1 (mm) &#8211; 62<br \/>\nMateria\u0142 obudowy &#8211; metal<br \/>\nLiczba d\u017awigni &#8211; 1<br \/>\nObecno\u015b\u0107 neutralna &#8211; TAK<br \/>\nRewers obecny &#8211; TAK<br \/>\nObecna blokada neutralna &#8211; TAK<\/p>\n<p>&nbsp;<\/p>\n","protected":false},"excerpt":{"rendered":"<p>Prze\u0142\u0105cznik kolumny kierowniczej VALEO 202.757<\/p>\n","protected":false},"featured_media":365,"comment_status":"open","ping_status":"closed","template":"","meta":[],"product_brand":[],"product_cat":[75,80],"product_tag":[84,152,82,83],"class_list":{"0":"post-364","1":"product","2":"type-product","3":"status-publish","4":"has-post-thumbnail","6":"product_cat-czesci-do-wozkow","7":"product_cat-elektronika","8":"product_tag-jcb","9":"product_tag-manitou","10":"product_tag-przelacznik","11":"product_tag-valeo","13":"first","14":"instock","15":"taxable","16":"shipping-taxable","17":"purchasable","18":"product-type-simple"},"jetpack-related-posts":[],"jetpack_sharing_enabled":true,"_links":{"self":[{"href":"https:\/\/sklep.selllift.com\/index.php\/wp-json\/wp\/v2\/product\/364","targetHints":{"allow":["GET"]}}],"collection":[{"href":"https:\/\/sklep.selllift.com\/index.php\/wp-json\/wp\/v2\/product"}],"about":[{"href":"https:\/\/sklep.selllift.com\/index.php\/wp-json\/wp\/v2\/types\/product"}],"replies":[{"embeddable":true,"href":"https:\/\/sklep.selllift.com\/index.php\/wp-json\/wp\/v2\/comments?post=364"}],"wp:featuredmedia":[{"embeddable":true,"href":"https:\/\/sklep.selllift.com\/index.php\/wp-json\/wp\/v2\/media\/365"}],"wp:attachment":[{"href":"https:\/\/sklep.selllift.com\/index.php\/wp-json\/wp\/v2\/media?parent=364"}],"wp:term":[{"taxonomy":"product_brand","embeddable":true,"href":"https:\/\/sklep.selllift.com\/index.php\/wp-json\/wp\/v2\/product_brand?post=364"},{"taxonomy":"product_cat","embeddable":true,"href":"https:\/\/sklep.selllift.com\/index.php\/wp-json\/wp\/v2\/product_cat?post=364"},{"taxonomy":"product_tag","embeddable":true,"href":"https:\/\/sklep.selllift.com\/index.php\/wp-json\/wp\/v2\/product_tag?post=364"}],"curies":[{"name":"wp","href":"https:\/\/api.w.org\/{rel}","templated":true}]}}