{"id":84,"date":"2022-05-28T16:04:41","date_gmt":"2022-05-28T16:04:41","guid":{"rendered":"http:\/\/sklep.selllift.com\/?page_id=84"},"modified":"2025-05-15T19:01:59","modified_gmt":"2025-05-15T19:01:59","slug":"o-firmie","status":"publish","type":"page","link":"https:\/\/sklep.selllift.com\/index.php\/o-firmie\/","title":{"rendered":"O FIRMIE"},"content":{"rendered":"<h2 class=\"wp-block-heading\">SELL LIFT \u2013 Tw\u00f3j Partner w Sprzeda\u017cy Produkt\u00f3w i Akcesori\u00f3w Online<\/h2><hr class=\"wp-block-separator has-alpha-channel-opacity\"\/><h4 class=\"wp-block-heading\">Firma <strong>SELL LIFT<\/strong> to dynamicznie rozwijaj\u0105cy si\u0119 lider w bran\u017cy sprzeda\u017cy internetowej, kt\u00f3ry oferuje szerok\u0105 gam\u0119 produkt\u00f3w i akcesori\u00f3w w Polsce oraz za granic\u0105. Nasza oferta obejmuje r\u00f3\u017cnorodne produkty, w tym <strong>cz\u0119\u015bci zamienne<\/strong>, <strong>smary<\/strong>, <strong>osprz\u0119t<\/strong>, <strong>namioty<\/strong> oraz <strong>akcesoria do namiot\u00f3w<\/strong>, kt\u00f3re s\u0105 idealne do u\u017cytku zar\u00f3wno w przemy\u015ble, jak i w r\u00f3\u017cnych bran\u017cach.<\/h4><h4 class=\"wp-block-heading\">Jako firma specjalizuj\u0105ca si\u0119 w sprzeda\u017cy online, <strong>SELL LIFT<\/strong> zapewnia wygodny dost\u0119p do produkt\u00f3w najwy\u017cszej jako\u015bci, a tak\u017ce szybk\u0105 i bezpieczn\u0105 dostaw\u0119 prosto do Twojego domu lub firmy. W naszej ofercie znajdziesz wszystko, czego potrzebujesz, od cz\u0119\u015bci zamiennych, przez akcesoria, a\u017c po namioty, kt\u00f3re idealnie sprawdz\u0105 si\u0119 w r\u00f3\u017cnych warunkach.<\/h4><hr class=\"wp-block-separator has-alpha-channel-opacity\"\/><p><strong>Nasza oferta obejmuje:<\/strong><\/p><p><strong>Cz\u0119\u015bci zamienne i osprz\u0119t<\/strong>: Wysokiej jako\u015bci cz\u0119\u015bci zamienne oraz akcesoria do r\u00f3\u017cnych maszyn i urz\u0105dze\u0144.<\/p><ul class=\"wp-block-list\"><li><strong>Smarowanie i akcesoria<\/strong>: Smary oraz akcesoria, kt\u00f3re zapewniaj\u0105 bezawaryjne dzia\u0142anie maszyn i urz\u0105dze\u0144.<\/li>\n\n<li><strong>Namioty i akcesoria<\/strong>: Namioty ekspresowe, handlowe oraz eventowe, a tak\u017ce niezb\u0119dne akcesoria, takie jak obci\u0105\u017cniki wodne, zestawy kotwi\u0105ce, szpilki i inne akcesoria monta\u017cowe.<\/li><\/ul><p>Naszym celem jest u\u0142atwienie Ci dost\u0119pu do produkt\u00f3w, kt\u00f3re s\u0105 niezb\u0119dne w codziennej dzia\u0142alno\u015bci gospodarczej, zapewniaj\u0105c wygod\u0119 zakupu online. Dzi\u0119ki naszej platformie mo\u017cesz zam\u00f3wi\u0107 produkty szybko, sprawnie i bezpiecznie, a nasz zesp\u00f3\u0142 zadba o to, aby zam\u00f3wienie dotar\u0142o do Ciebie w jak najkr\u00f3tszym czasie.<\/p><p><strong>SELL LIFT<\/strong> to nie tylko sklep internetowy, ale tak\u017ce partner, kt\u00f3ry oferuje szerok\u0105 gam\u0119 produkt\u00f3w dopasowanych do Twoich potrzeb. Jeste\u015bmy tu, by pom\u00f3c Ci znale\u017a\u0107 to, czego szukasz \u2013 w konkurencyjnych cenach i z najwy\u017csz\u0105 jako\u015bci\u0105 obs\u0142ugi.<\/p>","protected":false},"excerpt":{"rendered":"<p>SELL LIFT \u2013 Tw\u00f3j Partner w Sprzeda\u017cy Produkt\u00f3w i Akcesori\u00f3w Online Firma SELL LIFT to dynamicznie rozwijaj\u0105cy si\u0119 lider w bran\u017cy sprzeda\u017cy internetowej, kt\u00f3ry oferuje szerok\u0105 gam\u0119 produkt\u00f3w i akcesori\u00f3w w Polsce oraz za granic\u0105. Nasza oferta obejmuje r\u00f3\u017cnorodne produkty, w tym cz\u0119\u015bci zamienne, smary, osprz\u0119t, namioty oraz akcesoria do namiot\u00f3w, kt\u00f3re s\u0105 idealne do [&hellip;]<\/p>\n","protected":false},"author":1,"featured_media":0,"parent":0,"menu_order":0,"comment_status":"closed","ping_status":"closed","template":"templates\/template-page-full-width.php","meta":{"footnotes":""},"class_list":["post-84","page","type-page","status-publish","hentry"],"jetpack-related-posts":[],"jetpack_sharing_enabled":true,"_links":{"self":[{"href":"https:\/\/sklep.selllift.com\/index.php\/wp-json\/wp\/v2\/pages\/84","targetHints":{"allow":["GET"]}}],"collection":[{"href":"https:\/\/sklep.selllift.com\/index.php\/wp-json\/wp\/v2\/pages"}],"about":[{"href":"https:\/\/sklep.selllift.com\/index.php\/wp-json\/wp\/v2\/types\/page"}],"author":[{"embeddable":true,"href":"https:\/\/sklep.selllift.com\/index.php\/wp-json\/wp\/v2\/users\/1"}],"replies":[{"embeddable":true,"href":"https:\/\/sklep.selllift.com\/index.php\/wp-json\/wp\/v2\/comments?post=84"}],"version-history":[{"count":8,"href":"https:\/\/sklep.selllift.com\/index.php\/wp-json\/wp\/v2\/pages\/84\/revisions"}],"predecessor-version":[{"id":599,"href":"https:\/\/sklep.selllift.com\/index.php\/wp-json\/wp\/v2\/pages\/84\/revisions\/599"}],"wp:attachment":[{"href":"https:\/\/sklep.selllift.com\/index.php\/wp-json\/wp\/v2\/media?parent=84"}],"curies":[{"name":"wp","href":"https:\/\/api.w.org\/{rel}","templated":true}]}}