{"id":3,"date":"2022-05-28T12:10:18","date_gmt":"2022-05-28T12:10:18","guid":{"rendered":"http:\/\/sklep.selllift.com\/?page_id=3"},"modified":"2022-05-28T15:54:54","modified_gmt":"2022-05-28T15:54:54","slug":"privacy-policy","status":"publish","type":"page","link":"https:\/\/sklep.selllift.com\/index.php\/privacy-policy\/","title":{"rendered":"Polityka Prywatno\u015bci"},"content":{"rendered":"<div class=\"wp-block-group\"><div class=\"wp-block-group__inner-container is-layout-flow wp-block-group-is-layout-flow\"><p><strong class=\"privacy-policy-tutorial\">Administratorem Pa\u0144stwa danych osobowych jest SELL LIFT Marek Wojakowski, Amelin 43, 97-500 Radomsko. Pa\u0144stwa dane osobowe b\u0119d\u0105 przetwarzane w celu wystawienia faktury oraz prawid\u0142owego wykonywania obowi\u0105zk\u00f3w rachunkowo-podatkowych przez SELL LIFT Marek Wojakowski. Podstaw\u0105 prawn\u0105 przetwarzania danych jest wykonywanie obowi\u0105zku prawnego ci\u0105\u017c\u0105cego na administratorze, okre\u015blaj\u0105cego zakres danych, kt\u00f3re musi zawiera\u0107 faktura. Podanie danych jest dobrowolne, jednak niezb\u0119dne do wystawienia faktury. W informacji dotycz\u0105cych przetwarzania przez nas danych osobowych mog\u0105 Pa\u0144stwo skontaktowa\u0107 si\u0119 za pomoc\u0105 e-mail\u00a0<a href=\"mailto:bok@selllift.com\">bok@selllift.com<\/a>. Dost\u0119p do Pa\u0144stwa danych b\u0119d\u0105 mie\u0107 nasi pracownicy oraz podmioty wsp\u00f3\u0142pracuj\u0105ce z SELL LIFT obs\u0142uguj\u0105ce systemy informatyczne, w kt\u00f3rych przetwarzane s\u0105 Pa\u0144stwa dane osobowe zwi\u0105zane z wystawieniem faktury. Pa\u0144stwa dane b\u0119d\u0105 przechowywane przez pi\u0119\u0107 lat od ko\u0144ca roku, w kt\u00f3rym zosta\u0142a wystawiona faktura. Przys\u0142uguje Pa\u0144stwu prawo do: \u017c\u0105dania dost\u0119pu do danych osobowych, ich sprostowania, usuni\u0119cia lub ograniczenia, a tak\u017ce prawo do wniesienia sprzeciwu wobec przetwarzania oraz przeniesienia danych; wniesienia skargi do Prezesa Ochrony Danych dotycz\u0105cej przetwarzania przez nas Pa\u0144stwa danych osobowych. Pa\u0144stwa dane nie b\u0119d\u0105 wykorzystywane do profilowania, ani podejmowania zautomatyzowanych decyzji.<\/strong><\/p><\/div><\/div>","protected":false},"excerpt":{"rendered":"<p>Administratorem Pa\u0144stwa danych osobowych jest SELL LIFT Marek Wojakowski, Amelin 43, 97-500 Radomsko. Pa\u0144stwa dane osobowe b\u0119d\u0105 przetwarzane w celu wystawienia faktury oraz prawid\u0142owego wykonywania obowi\u0105zk\u00f3w rachunkowo-podatkowych przez SELL LIFT Marek Wojakowski. Podstaw\u0105 prawn\u0105 przetwarzania danych jest wykonywanie obowi\u0105zku prawnego ci\u0105\u017c\u0105cego na administratorze, okre\u015blaj\u0105cego zakres danych, kt\u00f3re musi zawiera\u0107 faktura. Podanie danych jest dobrowolne, jednak [&hellip;]<\/p>\n","protected":false},"author":1,"featured_media":0,"parent":0,"menu_order":0,"comment_status":"closed","ping_status":"open","template":"","meta":{"footnotes":""},"class_list":["post-3","page","type-page","status-publish","hentry"],"jetpack-related-posts":[],"jetpack_sharing_enabled":true,"_links":{"self":[{"href":"https:\/\/sklep.selllift.com\/index.php\/wp-json\/wp\/v2\/pages\/3","targetHints":{"allow":["GET"]}}],"collection":[{"href":"https:\/\/sklep.selllift.com\/index.php\/wp-json\/wp\/v2\/pages"}],"about":[{"href":"https:\/\/sklep.selllift.com\/index.php\/wp-json\/wp\/v2\/types\/page"}],"author":[{"embeddable":true,"href":"https:\/\/sklep.selllift.com\/index.php\/wp-json\/wp\/v2\/users\/1"}],"replies":[{"embeddable":true,"href":"https:\/\/sklep.selllift.com\/index.php\/wp-json\/wp\/v2\/comments?post=3"}],"version-history":[{"count":1,"href":"https:\/\/sklep.selllift.com\/index.php\/wp-json\/wp\/v2\/pages\/3\/revisions"}],"predecessor-version":[{"id":81,"href":"https:\/\/sklep.selllift.com\/index.php\/wp-json\/wp\/v2\/pages\/3\/revisions\/81"}],"wp:attachment":[{"href":"https:\/\/sklep.selllift.com\/index.php\/wp-json\/wp\/v2\/media?parent=3"}],"curies":[{"name":"wp","href":"https:\/\/api.w.org\/{rel}","templated":true}]}}